{"id":3135,"date":"2021-07-08T12:55:37","date_gmt":"2021-07-08T12:55:37","guid":{"rendered":"https:\/\/familymealproject.com\/acerca-de\/recursos-sobre-seguridad-alimentaria\/"},"modified":"2026-01-29T20:37:28","modified_gmt":"2026-01-29T20:37:28","slug":"recursos-sobre-seguridad-alimentaria","status":"publish","type":"page","link":"https:\/\/familymealproject.com\/es\/acerca-de\/recursos-sobre-seguridad-alimentaria\/","title":{"rendered":"Recursos sobre seguridad alimentaria"},"content":{"rendered":"\n<h2 class=\"wp-block-heading has-text-color has-link-color wp-elements-8437b0bfe1bcc581c24c879d00c93571\" style=\"color:#057b4f\">Resumen de la secci\u00f3n<\/h2>\n\n<p class=\"wp-block-paragraph\">En esta secci\u00f3n se define la inseguridad alimentaria, se proporciona informaci\u00f3n sobre los programas federales de nutrici\u00f3n, as\u00ed como una lista de recursos locales en los condados de Broward y Miami-Dade en Florida.<\/p>\n\n<div class=\"wp-block-group\"><div class=\"wp-block-group__inner-container is-layout-constrained wp-block-group-is-layout-constrained\">\n<div class=\"wp-block-group has-background\" style=\"background-color:#daffee\"><div class=\"wp-block-group__inner-container is-layout-constrained wp-block-group-is-layout-constrained\">\n<h3 class=\"wp-block-heading has-text-color has-link-color wp-elements-1ee3eb1e85177e7b2271ddb4f17d0797\" style=\"color:#057b4f\">\u00bfQu\u00e9 es la inseguridad alimentaria?<\/h3>\n\n\n\n<p class=\"wp-block-paragraph\">El Departamento de Agricultura de EE. UU. define la inseguridad alimentaria como la falta de acceso constante a suficientes alimentos para llevar una vida activa y saludable. Cuando las personas sufren inseguridad alimentaria, no disponen de suficientes recursos econ\u00f3micos para adquirir alimentos para su hogar. Seg\u00fan No Kid Hungry, hasta <strong>1 de cada 6 ni\u00f1os<\/strong> en Estados Unidos podr\u00eda pasar hambre en 2021.  <\/p>\n<\/div><\/div>\n<\/div><\/div>\n\n<hr class=\"wp-block-separator has-alpha-channel-opacity\"\/>\n\n<h3 class=\"wp-block-heading has-text-color has-link-color wp-elements-094fc40a5394951af8af924c243d6565\" style=\"color:#057b4f\">Programas federales de alimentaci\u00f3n<\/h3>\n\n<h3 class=\"wp-block-heading\">Programa de Asistencia Nutricional Suplementaria<\/h3>\n\n<p class=\"wp-block-paragraph\">El Programa de Asistencia Nutricional Suplementaria (SNAP) proporciona beneficios a las familias con inseguridad alimentaria para que puedan comprar alimentos saludables. La elegibilidad para los beneficios de SNAP se basa en los l\u00edmites de ingresos y recursos, que se actualizan anualmente. Las familias elegibles para los beneficios de SNAP deben solicitarlos a trav\u00e9s de su estado.<a role=\"button\" href=\"https:\/\/www.fns.usda.gov\/snap\/recipient\/eligibility\"><br\/>Haga clic aqu\u00ed para obtener m\u00e1s informaci\u00f3n sobre la elegibilidad y los beneficios de SNAP<br\/><\/a>  <\/p>\n\n<h3 class=\"wp-block-heading\">Programa de Mujeres, Beb\u00e9s y Ni\u00f1os<\/h3>\n\n<p class=\"wp-block-paragraph\">El Programa de Mujeres, Beb\u00e9s y Ni\u00f1os (WIC) proporciona financiaci\u00f3n federal a los estados para ofrecer alimentos suplementarios, educaci\u00f3n nutricional y derivaciones a centros de salud a mujeres embarazadas, lactantes y posparto no lactantes de bajos ingresos, beb\u00e9s y ni\u00f1os menores de cinco a\u00f1os que corren riesgo nutricional. Los solicitantes del programa WIC deben cumplir los requisitos de categor\u00eda, residencia, ingresos y riesgo nutricional.<a role=\"button\" href=\"https:\/\/wic.fns.usda.gov\/wps\/pages\/preScreenTool.xhtml\"><br\/>Haga clic aqu\u00ed para acceder a la herramienta de preselecci\u00f3n de WIC y comprobar si puede ser elegible para recibir beneficios<br\/><\/a> <\/p>\n\n<hr class=\"wp-block-separator has-alpha-channel-opacity\"\/>\n\n<h3 class=\"wp-block-heading has-text-color has-link-color wp-elements-3eb7511df5ef7242622e144a878a54d9\" style=\"color:#057b4f\">Programas nacionales de comidas escolares<\/h3>\n\n<p class=\"wp-block-paragraph\">Existen varios programas de comidas escolares que operan en escuelas p\u00fablicas y privadas sin \u00e1nimo de lucro e instituciones residenciales de cuidado infantil.<\/p>\n\n<p class=\"wp-block-paragraph\">Programa Nacional de Almuerzos Escolares (NSLP): proporciona almuerzos a bajo coste o gratuitos a los ni\u00f1os en la escuela cada d\u00eda. Todos los almuerzos del NSLP deben cumplir los requisitos federales de normas nutricionales. Los ni\u00f1os pueden ser considerados autom\u00e1ticamente elegibles para recibir comidas gratuitas si su familia participa en determinados programas federales de asistencia o si est\u00e1n inscritos en un programa Head State financiado con fondos federales. Los ni\u00f1os de familias cuyos ingresos sean iguales o inferiores al 130% del nivel federal de pobreza son elegibles para recibir comidas gratuitas. Los ni\u00f1os de familias cuyos ingresos est\u00e9n entre el 130 y el 185% del nivel federal de pobreza son elegibles para recibir almuerzos a precio reducido. La escuela de su hijo enviar\u00e1 a casa las solicitudes de comida escolar al principio de cada a\u00f1o escolar. Sin embargo, puede presentar la solicitud en cualquier momento del a\u00f1o escolar envi\u00e1ndola a su escuela o al distrito escolar. P\u00f3ngase en contacto con su escuela para solicitarla en cualquier momento del a\u00f1o escolar.<a role=\"button\" href=\"https:\/\/www.fns.usda.gov\/cn\/income-eligibility-guidelines\"><br\/>Haga clic aqu\u00ed para consultar los requisitos de elegibilidad por ingresos de los Programas Nacionales de Comidas Escolares<br\/><\/a>       <\/p>\n\n<hr class=\"wp-block-separator has-alpha-channel-opacity\"\/>\n\n<h2 class=\"wp-block-heading has-text-color has-link-color wp-elements-3bedd44a61f53951f7ddb0d269287d63\" style=\"color:#057b4f\">Recursos alimentarios locales<\/h2>\n\n<figure class=\"wp-block-image\"><img data-recalc-dims=\"1\" decoding=\"async\" src=\"https:\/\/i0.wp.com\/familymealproject.com\/wp-content\/uploads\/2021\/07\/Food-Assistance-Resources-Dade-County-2.png?w=810&#038;ssl=1\" alt=\"\"\/><\/figure>\n\n<figure class=\"wp-block-image\"><img data-recalc-dims=\"1\" decoding=\"async\" src=\"https:\/\/i0.wp.com\/familymealproject.com\/wp-content\/uploads\/2022\/07\/Broward-Food-Security-Resources-1.png?w=810&#038;ssl=1\" alt=\"\"\/><\/figure>\n\n<h4 class=\"wp-block-heading has-text-align-center\">Referencias<\/h4>\n\n<p class=\"has-text-align-center has-text-color has-link-color wp-elements-9603ba58e9d86e26c8da816003c57919 wp-block-paragraph\" style=\"color:#057b4f\"><em><a href=\"https:\/\/hungerandhealth.feedingamerica.org\/understand-food-insecurity\/\">Hambre y salud: Feeding America<\/a><\/em><\/p>\n\n<p class=\"has-text-align-center has-text-color has-link-color wp-elements-baa4c80d39d6039550dbc0b0815303fc wp-block-paragraph\" style=\"color:#057b4f\"><em> <a href=\"https:\/\/www.ers.usda.gov\/topics\/food-nutrition-assistance\/food-security-in-the-us\/definitions-of-food-security.aspx\">Centro de Recursos Econ\u00f3micos del USDA<\/a><\/em><\/p>\n\n<p class=\"has-text-align-center has-text-color has-link-color wp-elements-43a962eaa8b22baecb4d13c6e3b47c41 wp-block-paragraph\" style=\"color:#057b4f\"><em><a href=\"https:\/\/www.nokidhungry.org\">No Kid Hungry<\/a><\/em><\/p>\n","protected":false},"excerpt":{"rendered":"<p>Resumen de la secci\u00f3n En esta secci\u00f3n se define la inseguridad alimentaria, se proporciona informaci\u00f3n sobre los programas federales de nutrici\u00f3n, as\u00ed como una lista de recursos locales en los condados de Broward y Miami-Dade en Florida. \u00bfQu\u00e9 es la inseguridad alimentaria? El Departamento de Agricultura de EE. UU. define la inseguridad alimentaria como la &hellip; <\/p>\n","protected":false},"author":1,"featured_media":3136,"parent":2995,"menu_order":0,"comment_status":"closed","ping_status":"closed","template":"","meta":{"_crdt_document":"","advanced_seo_description":"","jetpack_seo_html_title":"","jetpack_seo_noindex":false,"footnotes":""},"class_list":["post-3135","page","type-page","status-publish","has-post-thumbnail","hentry","grid-sizer"],"jetpack_likes_enabled":true,"jetpack_sharing_enabled":true,"jetpack_shortlink":"https:\/\/wp.me\/PfG06o-Oz","jetpack-related-posts":[],"_links":{"self":[{"href":"https:\/\/familymealproject.com\/es\/wp-json\/wp\/v2\/pages\/3135","targetHints":{"allow":["GET"]}}],"collection":[{"href":"https:\/\/familymealproject.com\/es\/wp-json\/wp\/v2\/pages"}],"about":[{"href":"https:\/\/familymealproject.com\/es\/wp-json\/wp\/v2\/types\/page"}],"author":[{"embeddable":true,"href":"https:\/\/familymealproject.com\/es\/wp-json\/wp\/v2\/users\/1"}],"replies":[{"embeddable":true,"href":"https:\/\/familymealproject.com\/es\/wp-json\/wp\/v2\/comments?post=3135"}],"version-history":[{"count":1,"href":"https:\/\/familymealproject.com\/es\/wp-json\/wp\/v2\/pages\/3135\/revisions"}],"predecessor-version":[{"id":3137,"href":"https:\/\/familymealproject.com\/es\/wp-json\/wp\/v2\/pages\/3135\/revisions\/3137"}],"up":[{"embeddable":true,"href":"https:\/\/familymealproject.com\/es\/wp-json\/wp\/v2\/pages\/2995"}],"wp:featuredmedia":[{"embeddable":true,"href":"https:\/\/familymealproject.com\/es\/wp-json\/wp\/v2\/media\/3136"}],"wp:attachment":[{"href":"https:\/\/familymealproject.com\/es\/wp-json\/wp\/v2\/media?parent=3135"}],"curies":[{"name":"wp","href":"https:\/\/api.w.org\/{rel}","templated":true}]}}