{"id":3117,"date":"2023-10-06T05:45:02","date_gmt":"2023-10-06T05:45:02","guid":{"rendered":"https:\/\/familymealproject.com\/videos-sobre-las-comidas\/"},"modified":"2026-01-29T20:36:40","modified_gmt":"2026-01-29T20:36:40","slug":"videos-sobre-las-comidas","status":"publish","type":"page","link":"https:\/\/familymealproject.com\/es\/videos-sobre-las-comidas\/","title":{"rendered":"V\u00eddeos sobre las comidas"},"content":{"rendered":"\n<h3 class=\"wp-block-heading has-text-align-center has-text-color\" style=\"color:#0d8559\">\u00bfTiene dificultades para planificar las comidas de su familia?<br\/>\u00a1No se preocupe m\u00e1s!<\/h3>\n\n<p class=\"has-text-align-center has-black-color has-text-color wp-block-paragraph\"><strong>Aqu\u00ed tienes algunos v\u00eddeos que te guiar\u00e1n para que te sea m\u00e1s f\u00e1cil planificar las comidas e incluir a los m\u00e1s peque\u00f1os en el proceso.<\/strong><\/p>\n\n<figure class=\"wp-block-embed is-type-video is-provider-youtube wp-block-embed-youtube wp-embed-aspect-16-9 wp-has-aspect-ratio\"><div class=\"wp-block-embed__wrapper\">\n<div class=\"jetpack-video-wrapper\"><span class=\"embed-youtube\" style=\"text-align:center; display: block;\"><iframe loading=\"lazy\" class=\"youtube-player\" width=\"810\" height=\"456\" src=\"https:\/\/www.youtube.com\/embed\/c-u7JLyQ71k?version=3&#038;rel=1&#038;showsearch=0&#038;showinfo=1&#038;iv_load_policy=1&#038;fs=1&#038;hl=es-ES&#038;autohide=2&#038;wmode=transparent\" allowfullscreen=\"true\" style=\"border:0;\" sandbox=\"allow-scripts allow-same-origin allow-popups allow-presentation allow-popups-to-escape-sandbox\"><\/iframe><\/span><\/div>\n<\/div><\/figure>\n\n<p class=\"has-text-align-center has-black-color has-text-color wp-block-paragraph\">La dietista titulada, Shante Jeune, prepara un nutritivo pollo al horno para las madres, Celeste y Priya.<\/p>\n\n<div style=\"height:50px\" aria-hidden=\"true\" class=\"wp-block-spacer\"><\/div>\n\n<figure class=\"wp-block-embed is-type-video is-provider-youtube wp-block-embed-youtube wp-embed-aspect-16-9 wp-has-aspect-ratio\"><div class=\"wp-block-embed__wrapper\">\n<div class=\"jetpack-video-wrapper\"><span class=\"embed-youtube\" style=\"text-align:center; display: block;\"><iframe loading=\"lazy\" class=\"youtube-player\" width=\"810\" height=\"456\" src=\"https:\/\/www.youtube.com\/embed\/H8dc7rNTLck?version=3&#038;rel=1&#038;showsearch=0&#038;showinfo=1&#038;iv_load_policy=1&#038;fs=1&#038;hl=es-ES&#038;autohide=2&#038;wmode=transparent\" allowfullscreen=\"true\" style=\"border:0;\" sandbox=\"allow-scripts allow-same-origin allow-popups allow-presentation allow-popups-to-escape-sandbox\"><\/iframe><\/span><\/div>\n<\/div><\/figure>\n\n<p class=\"has-text-align-center has-black-color has-text-color wp-block-paragraph\">Allison, psic\u00f3loga familiar, se une a Shante, dietista titulada, en la cocina mientras preparan un salteado y hablan sobre c\u00f3mo involucrar a los ni\u00f1os en la cocina.<\/p>\n\n<div style=\"height:50px\" aria-hidden=\"true\" class=\"wp-block-spacer\"><\/div>\n\n<figure class=\"wp-block-embed is-type-video is-provider-youtube wp-block-embed-youtube wp-embed-aspect-16-9 wp-has-aspect-ratio\"><div class=\"wp-block-embed__wrapper\">\n<div class=\"jetpack-video-wrapper\"><span class=\"embed-youtube\" style=\"text-align:center; display: block;\"><iframe loading=\"lazy\" class=\"youtube-player\" width=\"810\" height=\"456\" src=\"https:\/\/www.youtube.com\/embed\/_GalxYTnf3A?version=3&#038;rel=1&#038;showsearch=0&#038;showinfo=1&#038;iv_load_policy=1&#038;fs=1&#038;hl=es-ES&#038;autohide=2&#038;start=2&#038;wmode=transparent\" allowfullscreen=\"true\" style=\"border:0;\" sandbox=\"allow-scripts allow-same-origin allow-popups allow-presentation allow-popups-to-escape-sandbox\"><\/iframe><\/span><\/div>\n<\/div><\/figure>\n\n<p class=\"has-text-align-center has-black-color has-text-color wp-block-paragraph\">Shante Jeune, dietista titulada, prepara &#8220;pasta vitaminada&#8221; mientras habla sobre el tama\u00f1o correcto de las porciones y responde a las preguntas de las madres, Celeste y Priya.<\/p>\n","protected":false},"excerpt":{"rendered":"<p>\u00bfTiene dificultades para planificar las comidas de su familia?\u00a1No se preocupe m\u00e1s! Aqu\u00ed tienes algunos v\u00eddeos que te guiar\u00e1n para que te sea m\u00e1s f\u00e1cil planificar las comidas e incluir a los m\u00e1s peque\u00f1os en el proceso. La dietista titulada, Shante Jeune, prepara un nutritivo pollo al horno para las madres, Celeste y Priya. Allison, &hellip; <\/p>\n","protected":false},"author":1,"featured_media":0,"parent":0,"menu_order":0,"comment_status":"closed","ping_status":"closed","template":"","meta":{"_crdt_document":"","advanced_seo_description":"","jetpack_seo_html_title":"","jetpack_seo_noindex":false,"footnotes":""},"class_list":["post-3117","page","type-page","status-publish","hentry","grid-sizer"],"jetpack_likes_enabled":true,"jetpack_sharing_enabled":true,"jetpack_shortlink":"https:\/\/wp.me\/PfG06o-Oh","jetpack-related-posts":[],"_links":{"self":[{"href":"https:\/\/familymealproject.com\/es\/wp-json\/wp\/v2\/pages\/3117","targetHints":{"allow":["GET"]}}],"collection":[{"href":"https:\/\/familymealproject.com\/es\/wp-json\/wp\/v2\/pages"}],"about":[{"href":"https:\/\/familymealproject.com\/es\/wp-json\/wp\/v2\/types\/page"}],"author":[{"embeddable":true,"href":"https:\/\/familymealproject.com\/es\/wp-json\/wp\/v2\/users\/1"}],"replies":[{"embeddable":true,"href":"https:\/\/familymealproject.com\/es\/wp-json\/wp\/v2\/comments?post=3117"}],"version-history":[{"count":1,"href":"https:\/\/familymealproject.com\/es\/wp-json\/wp\/v2\/pages\/3117\/revisions"}],"predecessor-version":[{"id":3118,"href":"https:\/\/familymealproject.com\/es\/wp-json\/wp\/v2\/pages\/3117\/revisions\/3118"}],"wp:attachment":[{"href":"https:\/\/familymealproject.com\/es\/wp-json\/wp\/v2\/media?parent=3117"}],"curies":[{"name":"wp","href":"https:\/\/api.w.org\/{rel}","templated":true}]}}