{"id":3110,"date":"2024-04-07T19:19:54","date_gmt":"2024-04-07T19:19:54","guid":{"rendered":"https:\/\/familymealproject.com\/comida-y-familia-2\/"},"modified":"2026-01-29T20:36:40","modified_gmt":"2026-01-29T20:36:40","slug":"comida-y-familia-2","status":"publish","type":"page","link":"https:\/\/familymealproject.com\/es\/comida-y-familia-2\/","title":{"rendered":"Comida y familia"},"content":{"rendered":"\n<div class=\"wp-block-group alignfull\" style=\"margin-top:0;margin-bottom:0;padding-top:calc( 0.5 * var(u002du002dwpu002du002dstyleu002du002drootu002du002dpadding-right, var(u002du002dwpu002du002dcustomu002du002dgapu002du002dhorizontal)));padding-right:var(u002du002dwpu002du002dstyleu002du002drootu002du002dpadding-right, var(u002du002dwpu002du002dcustomu002du002dgapu002du002dhorizontal));padding-bottom:calc( 0.5 * var(u002du002dwpu002du002dstyleu002du002drootu002du002dpadding-right, var(u002du002dwpu002du002dcustomu002du002dgapu002du002dhorizontal)));padding-left:var(u002du002dwpu002du002dstyleu002du002drootu002du002dpadding-left, var(u002du002dwpu002du002dcustomu002du002dgapu002du002dhorizontal))\"><div class=\"wp-block-group__inner-container is-layout-flow wp-block-group-is-layout-flow\">\n<p class=\"has-text-align-center has-xx-large-font-size wp-block-paragraph\">Aprenda estrategias para fortalecer sus interacciones a la hora de comer con la familia, a la vez que se asegura de que su hijo est\u00e9 consumiendo alimentos nutritivos. \u00a1Haga clic en los enlaces de abajo para obtener m\u00e1s informaci\u00f3n! <\/p>\n\n\n\n<hr class=\"wp-block-separator has-alpha-channel-opacity\"\/>\n\n\n\n<div class=\"wp-block-columns alignwide are-vertically-aligned-center is-layout-flex wp-container-core-columns-is-layout-8f761849 wp-block-columns-is-layout-flex\">\n<div class=\"wp-block-column is-vertically-aligned-center is-layout-flow wp-block-column-is-layout-flow\">\n<figure class=\"wp-block-image size-full\"><img data-recalc-dims=\"1\" loading=\"lazy\" decoding=\"async\" width=\"810\" height=\"608\" src=\"https:\/\/i0.wp.com\/familymealproject.com\/wp-content\/uploads\/2021\/08\/balanced-diet-meal.jpg?resize=810%2C608&#038;ssl=1\" alt=\"\" class=\"wp-image-332\" style=\"aspect-ratio:1;object-fit:cover\" srcset=\"https:\/\/i0.wp.com\/familymealproject.com\/wp-content\/uploads\/2021\/08\/balanced-diet-meal.jpg?w=1200&amp;ssl=1 1200w, https:\/\/i0.wp.com\/familymealproject.com\/wp-content\/uploads\/2021\/08\/balanced-diet-meal.jpg?resize=300%2C225&amp;ssl=1 300w, https:\/\/i0.wp.com\/familymealproject.com\/wp-content\/uploads\/2021\/08\/balanced-diet-meal.jpg?resize=1024%2C768&amp;ssl=1 1024w, https:\/\/i0.wp.com\/familymealproject.com\/wp-content\/uploads\/2021\/08\/balanced-diet-meal.jpg?resize=768%2C576&amp;ssl=1 768w, https:\/\/i0.wp.com\/familymealproject.com\/wp-content\/uploads\/2021\/08\/balanced-diet-meal.jpg?resize=800%2C600&amp;ssl=1 800w, https:\/\/i0.wp.com\/familymealproject.com\/wp-content\/uploads\/2021\/08\/balanced-diet-meal.jpg?resize=600%2C450&amp;ssl=1 600w, https:\/\/i0.wp.com\/familymealproject.com\/wp-content\/uploads\/2021\/08\/balanced-diet-meal.jpg?resize=400%2C300&amp;ssl=1 400w, https:\/\/i0.wp.com\/familymealproject.com\/wp-content\/uploads\/2021\/08\/balanced-diet-meal.jpg?resize=200%2C150&amp;ssl=1 200w\" sizes=\"auto, (max-width: 810px) 100vw, 810px\" \/><\/figure>\n<\/div>\n\n\n\n<div class=\"wp-block-column is-vertically-aligned-center is-layout-flow wp-block-column-is-layout-flow\">\n<h3 class=\"wp-block-heading alignwide has-text-align-center\">Nutrici\u00f3n general: Los 5 grupos de alimentos<\/h3>\n\n\n\n<div class=\"wp-block-buttons is-content-justification-center is-layout-flex wp-container-core-buttons-is-layout-fe48e5de wp-block-buttons-is-layout-flex\">\n<div class=\"wp-block-button\"><a class=\"wp-block-button__link has-white-color has-text-color has-background has-link-color wp-element-button\" href=\"https:\/\/familymealproject.com\/es\/nutricion-general-los-5-grupos-de-alimentos\/\" style=\"background-color:#02915d\">Haz clic aqu\u00ed<\/a><\/div>\n<\/div>\n<\/div>\n<\/div>\n\n\n\n<div class=\"wp-block-columns alignwide are-vertically-aligned-center is-layout-flex wp-container-core-columns-is-layout-8f761849 wp-block-columns-is-layout-flex\">\n<div class=\"wp-block-column is-vertically-aligned-center is-layout-flow wp-block-column-is-layout-flow\">\n<figure class=\"wp-block-image size-full\"><img data-recalc-dims=\"1\" loading=\"lazy\" decoding=\"async\" width=\"810\" height=\"456\" src=\"https:\/\/i0.wp.com\/familymealproject.com\/wp-content\/uploads\/2021\/02\/changes-on-the-horizon-for-nutrition-facts-labels-l.jpg?resize=810%2C456&#038;ssl=1\" alt=\"\" class=\"wp-image-246\" style=\"aspect-ratio:1;object-fit:cover\" srcset=\"https:\/\/i0.wp.com\/familymealproject.com\/wp-content\/uploads\/2021\/02\/changes-on-the-horizon-for-nutrition-facts-labels-l.jpg?w=1200&amp;ssl=1 1200w, https:\/\/i0.wp.com\/familymealproject.com\/wp-content\/uploads\/2021\/02\/changes-on-the-horizon-for-nutrition-facts-labels-l.jpg?resize=300%2C169&amp;ssl=1 300w, https:\/\/i0.wp.com\/familymealproject.com\/wp-content\/uploads\/2021\/02\/changes-on-the-horizon-for-nutrition-facts-labels-l.jpg?resize=1024%2C576&amp;ssl=1 1024w, https:\/\/i0.wp.com\/familymealproject.com\/wp-content\/uploads\/2021\/02\/changes-on-the-horizon-for-nutrition-facts-labels-l.jpg?resize=768%2C432&amp;ssl=1 768w\" sizes=\"auto, (max-width: 810px) 100vw, 810px\" \/><\/figure>\n<\/div>\n\n\n\n<div class=\"wp-block-column is-vertically-aligned-center is-layout-flow wp-block-column-is-layout-flow\">\n<h3 class=\"wp-block-heading alignwide has-text-align-center\">Etiqueta de informaci\u00f3n nutricional<\/h3>\n\n\n\n<div class=\"wp-block-buttons is-content-justification-center is-layout-flex wp-container-core-buttons-is-layout-fe48e5de wp-block-buttons-is-layout-flex\">\n<div class=\"wp-block-button\"><a class=\"wp-block-button__link has-white-color has-text-color has-background has-link-color wp-element-button\" href=\"https:\/\/familymealproject.com\/es\/etiqueta-de-informacion-nutricional\/\" style=\"background-color:#02915d\">Haz clic aqu\u00ed<\/a><\/div>\n<\/div>\n<\/div>\n<\/div>\n\n\n\n<div class=\"wp-block-columns alignwide are-vertically-aligned-center is-layout-flex wp-container-core-columns-is-layout-8f761849 wp-block-columns-is-layout-flex\">\n<div class=\"wp-block-column is-vertically-aligned-center is-layout-flow wp-block-column-is-layout-flow\">\n<figure class=\"wp-block-image size-full\"><img data-recalc-dims=\"1\" loading=\"lazy\" decoding=\"async\" width=\"810\" height=\"456\" src=\"https:\/\/i0.wp.com\/familymealproject.com\/wp-content\/uploads\/2021\/02\/foodfamily3.jpg?resize=810%2C456&#038;ssl=1\" alt=\"\" class=\"wp-image-237\" style=\"aspect-ratio:1;object-fit:cover\" srcset=\"https:\/\/i0.wp.com\/familymealproject.com\/wp-content\/uploads\/2021\/02\/foodfamily3.jpg?w=1920&amp;ssl=1 1920w, https:\/\/i0.wp.com\/familymealproject.com\/wp-content\/uploads\/2021\/02\/foodfamily3.jpg?resize=300%2C169&amp;ssl=1 300w, https:\/\/i0.wp.com\/familymealproject.com\/wp-content\/uploads\/2021\/02\/foodfamily3.jpg?resize=1024%2C576&amp;ssl=1 1024w, https:\/\/i0.wp.com\/familymealproject.com\/wp-content\/uploads\/2021\/02\/foodfamily3.jpg?resize=768%2C432&amp;ssl=1 768w, https:\/\/i0.wp.com\/familymealproject.com\/wp-content\/uploads\/2021\/02\/foodfamily3.jpg?resize=1536%2C864&amp;ssl=1 1536w, https:\/\/i0.wp.com\/familymealproject.com\/wp-content\/uploads\/2021\/02\/foodfamily3.jpg?resize=1200%2C675&amp;ssl=1 1200w, https:\/\/i0.wp.com\/familymealproject.com\/wp-content\/uploads\/2021\/02\/foodfamily3.jpg?w=1620&amp;ssl=1 1620w\" sizes=\"auto, (max-width: 810px) 100vw, 810px\" \/><\/figure>\n<\/div>\n\n\n\n<div class=\"wp-block-column is-vertically-aligned-center is-layout-flow wp-block-column-is-layout-flow\">\n<h3 class=\"wp-block-heading alignwide has-text-align-center\">Consejos y estrategias para la hora de comer en familia<\/h3>\n\n\n\n<div class=\"wp-block-buttons is-content-justification-center is-layout-flex wp-container-core-buttons-is-layout-fe48e5de wp-block-buttons-is-layout-flex\">\n<div class=\"wp-block-button\"><a class=\"wp-block-button__link has-white-color has-text-color has-background has-link-color wp-element-button\" href=\"https:\/\/familymealproject.com\/es\/consejos-y-estrategias-para-la-hora-de-comer-en-familia\/\" style=\"background-color:#02915d\">Haz clic aqu\u00ed<\/a><\/div>\n<\/div>\n<\/div>\n<\/div>\n\n\n\n<div class=\"wp-block-columns alignwide are-vertically-aligned-center is-layout-flex wp-container-core-columns-is-layout-8f761849 wp-block-columns-is-layout-flex\">\n<div class=\"wp-block-column is-vertically-aligned-center is-layout-flow wp-block-column-is-layout-flow\">\n<figure class=\"wp-block-image size-full\"><img data-recalc-dims=\"1\" loading=\"lazy\" decoding=\"async\" width=\"810\" height=\"810\" src=\"https:\/\/i0.wp.com\/familymealproject.com\/wp-content\/uploads\/2022\/07\/Untitled-design-1.png?resize=810%2C810&#038;ssl=1\" alt=\"\" class=\"wp-image-484\" style=\"aspect-ratio:1;object-fit:cover\" srcset=\"https:\/\/i0.wp.com\/familymealproject.com\/wp-content\/uploads\/2022\/07\/Untitled-design-1.png?w=1080&amp;ssl=1 1080w, https:\/\/i0.wp.com\/familymealproject.com\/wp-content\/uploads\/2022\/07\/Untitled-design-1.png?resize=300%2C300&amp;ssl=1 300w, https:\/\/i0.wp.com\/familymealproject.com\/wp-content\/uploads\/2022\/07\/Untitled-design-1.png?resize=1024%2C1024&amp;ssl=1 1024w, https:\/\/i0.wp.com\/familymealproject.com\/wp-content\/uploads\/2022\/07\/Untitled-design-1.png?resize=150%2C150&amp;ssl=1 150w, https:\/\/i0.wp.com\/familymealproject.com\/wp-content\/uploads\/2022\/07\/Untitled-design-1.png?resize=768%2C768&amp;ssl=1 768w, https:\/\/i0.wp.com\/familymealproject.com\/wp-content\/uploads\/2022\/07\/Untitled-design-1.png?resize=800%2C800&amp;ssl=1 800w, https:\/\/i0.wp.com\/familymealproject.com\/wp-content\/uploads\/2022\/07\/Untitled-design-1.png?resize=600%2C600&amp;ssl=1 600w, https:\/\/i0.wp.com\/familymealproject.com\/wp-content\/uploads\/2022\/07\/Untitled-design-1.png?resize=400%2C400&amp;ssl=1 400w, https:\/\/i0.wp.com\/familymealproject.com\/wp-content\/uploads\/2022\/07\/Untitled-design-1.png?resize=200%2C200&amp;ssl=1 200w\" sizes=\"auto, (max-width: 810px) 100vw, 810px\" \/><\/figure>\n<\/div>\n\n\n\n<div class=\"wp-block-column is-vertically-aligned-center is-layout-flow wp-block-column-is-layout-flow\">\n<h3 class=\"wp-block-heading alignwide has-text-align-center\">Alimentaci\u00f3n selectiva<\/h3>\n\n\n\n<div class=\"wp-block-buttons is-content-justification-center is-layout-flex wp-container-core-buttons-is-layout-fe48e5de wp-block-buttons-is-layout-flex\">\n<div class=\"wp-block-button\"><a class=\"wp-block-button__link has-white-color has-text-color has-background has-link-color wp-element-button\" href=\"https:\/\/familymealproject.com\/es\/alimentacion-selectiva\/\" style=\"background-color:#02915d\">Haz clic aqu\u00ed<\/a><\/div>\n<\/div>\n<\/div>\n<\/div>\n\n\n\n<div class=\"wp-block-columns alignwide are-vertically-aligned-center is-layout-flex wp-container-core-columns-is-layout-8f761849 wp-block-columns-is-layout-flex\">\n<div class=\"wp-block-column is-vertically-aligned-center is-layout-flow wp-block-column-is-layout-flow\">\n<figure class=\"wp-block-image size-full\"><img data-recalc-dims=\"1\" loading=\"lazy\" decoding=\"async\" width=\"810\" height=\"456\" src=\"https:\/\/i0.wp.com\/familymealproject.com\/wp-content\/uploads\/2021\/03\/howtogetyourfamilyactive.jpg?resize=810%2C456&#038;ssl=1\" alt=\"\" class=\"wp-image-291\" style=\"aspect-ratio:1;object-fit:cover\" srcset=\"https:\/\/i0.wp.com\/familymealproject.com\/wp-content\/uploads\/2021\/03\/howtogetyourfamilyactive.jpg?w=1152&amp;ssl=1 1152w, https:\/\/i0.wp.com\/familymealproject.com\/wp-content\/uploads\/2021\/03\/howtogetyourfamilyactive.jpg?resize=300%2C169&amp;ssl=1 300w, https:\/\/i0.wp.com\/familymealproject.com\/wp-content\/uploads\/2021\/03\/howtogetyourfamilyactive.jpg?resize=1024%2C576&amp;ssl=1 1024w, https:\/\/i0.wp.com\/familymealproject.com\/wp-content\/uploads\/2021\/03\/howtogetyourfamilyactive.jpg?resize=768%2C432&amp;ssl=1 768w\" sizes=\"auto, (max-width: 810px) 100vw, 810px\" \/><\/figure>\n<\/div>\n\n\n\n<div class=\"wp-block-column is-vertically-aligned-center is-layout-flow wp-block-column-is-layout-flow\">\n<h3 class=\"wp-block-heading alignwide has-text-align-center\">Actividad f\u00edsica en familia<\/h3>\n\n\n\n<div class=\"wp-block-buttons is-content-justification-center is-layout-flex wp-container-core-buttons-is-layout-fe48e5de wp-block-buttons-is-layout-flex\">\n<div class=\"wp-block-button\"><a class=\"wp-block-button__link has-white-color has-text-color has-background has-link-color has-text-align-center wp-element-button\" href=\"https:\/\/familymealproject.com\/es\/actividad-fisica-en-familia\/\" style=\"background-color:#02915d\">Haz clic aqu\u00ed<\/a><\/div>\n<\/div>\n<\/div>\n<\/div>\n\n\n\n<div class=\"wp-block-columns alignwide are-vertically-aligned-center is-layout-flex wp-container-core-columns-is-layout-8f761849 wp-block-columns-is-layout-flex\">\n<div class=\"wp-block-column is-vertically-aligned-center is-layout-flow wp-block-column-is-layout-flow\">\n<figure class=\"wp-block-image size-full\"><img data-recalc-dims=\"1\" loading=\"lazy\" decoding=\"async\" width=\"810\" height=\"607\" src=\"https:\/\/i0.wp.com\/familymealproject.com\/wp-content\/uploads\/2021\/09\/Protein-rich_Foods.jpg?resize=810%2C607&#038;ssl=1\" alt=\"\" class=\"wp-image-429\" style=\"aspect-ratio:1;object-fit:cover\" srcset=\"https:\/\/i0.wp.com\/familymealproject.com\/wp-content\/uploads\/2021\/09\/Protein-rich_Foods.jpg?w=960&amp;ssl=1 960w, https:\/\/i0.wp.com\/familymealproject.com\/wp-content\/uploads\/2021\/09\/Protein-rich_Foods.jpg?resize=300%2C225&amp;ssl=1 300w, https:\/\/i0.wp.com\/familymealproject.com\/wp-content\/uploads\/2021\/09\/Protein-rich_Foods.jpg?resize=768%2C575&amp;ssl=1 768w, https:\/\/i0.wp.com\/familymealproject.com\/wp-content\/uploads\/2021\/09\/Protein-rich_Foods.jpg?resize=800%2C600&amp;ssl=1 800w, https:\/\/i0.wp.com\/familymealproject.com\/wp-content\/uploads\/2021\/09\/Protein-rich_Foods.jpg?resize=600%2C450&amp;ssl=1 600w, https:\/\/i0.wp.com\/familymealproject.com\/wp-content\/uploads\/2021\/09\/Protein-rich_Foods.jpg?resize=400%2C300&amp;ssl=1 400w, https:\/\/i0.wp.com\/familymealproject.com\/wp-content\/uploads\/2021\/09\/Protein-rich_Foods.jpg?resize=200%2C150&amp;ssl=1 200w\" sizes=\"auto, (max-width: 810px) 100vw, 810px\" \/><\/figure>\n<\/div>\n\n\n\n<div class=\"wp-block-column is-vertically-aligned-center is-layout-flow wp-block-column-is-layout-flow\">\n<h3 class=\"wp-block-heading alignwide has-text-align-center\">Alergias alimentarias<\/h3>\n\n\n\n<div class=\"wp-block-buttons is-content-justification-center is-layout-flex wp-container-core-buttons-is-layout-fe48e5de wp-block-buttons-is-layout-flex\">\n<div class=\"wp-block-button\"><a class=\"wp-block-button__link has-white-color has-text-color has-background has-link-color wp-element-button\" href=\"https:\/\/familymealproject.com\/es\/alergias-alimentarias\/\" style=\"background-color:#02915d\">Haz clic aqu\u00ed<\/a><\/div>\n<\/div>\n<\/div>\n<\/div>\n\n\n\n<div class=\"wp-block-columns alignwide are-vertically-aligned-center is-layout-flex wp-container-core-columns-is-layout-8f761849 wp-block-columns-is-layout-flex\">\n<div class=\"wp-block-column is-vertically-aligned-center is-layout-flow wp-block-column-is-layout-flow\">\n<figure class=\"wp-block-image size-full\"><img data-recalc-dims=\"1\" loading=\"lazy\" decoding=\"async\" width=\"810\" height=\"540\" src=\"https:\/\/i0.wp.com\/familymealproject.com\/wp-content\/uploads\/2023\/06\/lemons-2539163_1280.jpg?resize=810%2C540&#038;ssl=1\" alt=\"\" class=\"wp-image-580\" style=\"aspect-ratio:1;object-fit:cover\" srcset=\"https:\/\/i0.wp.com\/familymealproject.com\/wp-content\/uploads\/2023\/06\/lemons-2539163_1280.jpg?w=1280&amp;ssl=1 1280w, https:\/\/i0.wp.com\/familymealproject.com\/wp-content\/uploads\/2023\/06\/lemons-2539163_1280.jpg?resize=300%2C200&amp;ssl=1 300w, https:\/\/i0.wp.com\/familymealproject.com\/wp-content\/uploads\/2023\/06\/lemons-2539163_1280.jpg?resize=1024%2C682&amp;ssl=1 1024w, https:\/\/i0.wp.com\/familymealproject.com\/wp-content\/uploads\/2023\/06\/lemons-2539163_1280.jpg?resize=768%2C512&amp;ssl=1 768w, https:\/\/i0.wp.com\/familymealproject.com\/wp-content\/uploads\/2023\/06\/lemons-2539163_1280.jpg?resize=1200%2C800&amp;ssl=1 1200w\" sizes=\"auto, (max-width: 810px) 100vw, 810px\" \/><\/figure>\n<\/div>\n\n\n\n<div class=\"wp-block-column is-vertically-aligned-center is-layout-flow wp-block-column-is-layout-flow\">\n<h3 class=\"wp-block-heading alignwide has-text-align-center\">Recomendaciones de bebidas para la familia<\/h3>\n\n\n\n<div class=\"wp-block-buttons is-content-justification-center is-layout-flex wp-container-core-buttons-is-layout-fe48e5de wp-block-buttons-is-layout-flex\">\n<div class=\"wp-block-button\"><a class=\"wp-block-button__link has-white-color has-text-color has-background has-link-color wp-element-button\" href=\"https:\/\/familymealproject.com\/es\/recomendaciones-de-bebidas-para-la-familia\/\" style=\"background-color:#02915d\">Haz clic aqu\u00ed<\/a><\/div>\n<\/div>\n<\/div>\n<\/div>\n\n\n\n<div class=\"wp-block-columns alignwide are-vertically-aligned-center is-layout-flex wp-container-core-columns-is-layout-8f761849 wp-block-columns-is-layout-flex\">\n<div class=\"wp-block-column is-vertically-aligned-center is-layout-flow wp-block-column-is-layout-flow\">\n<figure class=\"wp-block-image size-full\"><img data-recalc-dims=\"1\" loading=\"lazy\" decoding=\"async\" width=\"810\" height=\"456\" src=\"https:\/\/i0.wp.com\/familymealproject.com\/wp-content\/uploads\/2021\/07\/grocery-shopping-e1457564196533.jpg?resize=810%2C456&#038;ssl=1\" alt=\"\" class=\"wp-image-315\" style=\"aspect-ratio:1;object-fit:cover\" srcset=\"https:\/\/i0.wp.com\/familymealproject.com\/wp-content\/uploads\/2021\/07\/grocery-shopping-e1457564196533.jpg?w=1600&amp;ssl=1 1600w, https:\/\/i0.wp.com\/familymealproject.com\/wp-content\/uploads\/2021\/07\/grocery-shopping-e1457564196533.jpg?resize=300%2C169&amp;ssl=1 300w, https:\/\/i0.wp.com\/familymealproject.com\/wp-content\/uploads\/2021\/07\/grocery-shopping-e1457564196533.jpg?resize=1024%2C576&amp;ssl=1 1024w, https:\/\/i0.wp.com\/familymealproject.com\/wp-content\/uploads\/2021\/07\/grocery-shopping-e1457564196533.jpg?resize=768%2C432&amp;ssl=1 768w, https:\/\/i0.wp.com\/familymealproject.com\/wp-content\/uploads\/2021\/07\/grocery-shopping-e1457564196533.jpg?resize=1536%2C864&amp;ssl=1 1536w, https:\/\/i0.wp.com\/familymealproject.com\/wp-content\/uploads\/2021\/07\/grocery-shopping-e1457564196533.jpg?resize=1200%2C675&amp;ssl=1 1200w\" sizes=\"auto, (max-width: 810px) 100vw, 810px\" \/><\/figure>\n<\/div>\n\n\n\n<div class=\"wp-block-column is-vertically-aligned-center is-layout-flow wp-block-column-is-layout-flow\">\n<h3 class=\"wp-block-heading alignwide has-text-align-center\">Consejos y estrategias para ir de compras<\/h3>\n\n\n\n<div class=\"wp-block-buttons is-content-justification-center is-layout-flex wp-container-core-buttons-is-layout-fe48e5de wp-block-buttons-is-layout-flex\">\n<div class=\"wp-block-button\"><a class=\"wp-block-button__link has-white-color has-text-color has-background has-link-color wp-element-button\" href=\"https:\/\/familymealproject.com\/es\/consejos-y-estrategias-para-ir-de-compras\/\" style=\"background-color:#02915d\">Haz clic aqu\u00ed<\/a><\/div>\n<\/div>\n<\/div>\n<\/div>\n\n\n\n<div class=\"wp-block-columns alignwide are-vertically-aligned-center is-layout-flex wp-container-core-columns-is-layout-8f761849 wp-block-columns-is-layout-flex\">\n<div class=\"wp-block-column is-vertically-aligned-center is-layout-flow wp-block-column-is-layout-flow\">\n<figure class=\"wp-block-image size-full\"><img data-recalc-dims=\"1\" loading=\"lazy\" decoding=\"async\" width=\"810\" height=\"365\" src=\"https:\/\/i0.wp.com\/familymealproject.com\/wp-content\/uploads\/2021\/07\/gettyimages-steve_debenport-e1625751108143.jpg?resize=810%2C365&#038;ssl=1\" alt=\"\" class=\"wp-image-303\" style=\"aspect-ratio:1;object-fit:cover\" srcset=\"https:\/\/i0.wp.com\/familymealproject.com\/wp-content\/uploads\/2021\/07\/gettyimages-steve_debenport-e1625751108143.jpg?w=1160&amp;ssl=1 1160w, https:\/\/i0.wp.com\/familymealproject.com\/wp-content\/uploads\/2021\/07\/gettyimages-steve_debenport-e1625751108143.jpg?resize=300%2C135&amp;ssl=1 300w, https:\/\/i0.wp.com\/familymealproject.com\/wp-content\/uploads\/2021\/07\/gettyimages-steve_debenport-e1625751108143.jpg?resize=1024%2C461&amp;ssl=1 1024w, https:\/\/i0.wp.com\/familymealproject.com\/wp-content\/uploads\/2021\/07\/gettyimages-steve_debenport-e1625751108143.jpg?resize=768%2C346&amp;ssl=1 768w\" sizes=\"auto, (max-width: 810px) 100vw, 810px\" \/><\/figure>\n<\/div>\n\n\n\n<div class=\"wp-block-column is-vertically-aligned-center is-layout-flow wp-block-column-is-layout-flow\">\n<h3 class=\"wp-block-heading alignwide has-text-align-center\">Alimentaci\u00f3n saludable en la escuela<\/h3>\n\n\n\n<div class=\"wp-block-buttons is-content-justification-center is-layout-flex wp-container-core-buttons-is-layout-fe48e5de wp-block-buttons-is-layout-flex\">\n<div class=\"wp-block-button\"><a class=\"wp-block-button__link has-white-color has-text-color has-background has-link-color wp-element-button\" href=\"https:\/\/familymealproject.com\/es\/alimentacion-saludable-en-la-escuela\/\" style=\"background-color:#02915d\">Haz clic aqu\u00ed<\/a><\/div>\n<\/div>\n<\/div>\n<\/div>\n<\/div><\/div>\n\n<div class=\"wp-block-group alignfull is-content-justification-center\" style=\"margin-top:0;margin-bottom:0;padding-top:calc( 0.5 * var(u002du002dwpu002du002dstyleu002du002drootu002du002dpadding-right, var(u002du002dwpu002du002dcustomu002du002dgapu002du002dhorizontal)));padding-right:var(u002du002dwpu002du002dstyleu002du002drootu002du002dpadding-right, var(u002du002dwpu002du002dcustomu002du002dgapu002du002dhorizontal));padding-bottom:calc( 0.5 * var(u002du002dwpu002du002dstyleu002du002drootu002du002dpadding-right, var(u002du002dwpu002du002dcustomu002du002dgapu002du002dhorizontal)));padding-left:var(u002du002dwpu002du002dstyleu002du002drootu002du002dpadding-left, var(u002du002dwpu002du002dcustomu002du002dgapu002du002dhorizontal))\"><div class=\"wp-block-group__inner-container is-layout-constrained wp-container-core-group-is-layout-1389cb42 wp-block-group-is-layout-constrained\">\n<div class=\"wp-block-group alignfull is-content-justification-center\" style=\"margin-top:0;margin-bottom:0;padding-top:calc( 0.5 * var(--wp--style--root--padding-right, var(--wp--custom--gap--horizontal)));padding-right:var(--wp--style--root--padding-right, var(--wp--custom--gap--horizontal));padding-bottom:calc( 0.5 * var(--wp--style--root--padding-right, var(--wp--custom--gap--horizontal)));padding-left:var(--wp--style--root--padding-left, var(--wp--custom--gap--horizontal))\"><div class=\"wp-block-group__inner-container is-layout-constrained wp-container-core-group-is-layout-2dc3bf18 wp-block-group-is-layout-constrained\">\n<div style=\"height:calc( 0.25 * var(--wp--style--root--padding-right, var(--wp--custom--gap--horizontal)))\" aria-hidden=\"true\" class=\"wp-block-spacer\"><\/div>\n\n\n\n<div style=\"height:calc( 0.25 * var(--wp--style--root--padding-right, var(--wp--custom--gap--horizontal)))\" aria-hidden=\"true\" class=\"wp-block-spacer\"><\/div>\n<\/div><\/div>\n<\/div><\/div>\n\n<div style=\"height:50px\" aria-hidden=\"true\" class=\"wp-block-spacer\"><\/div>\n\n<div class=\"wp-block-group alignfull is-content-justification-center\" style=\"margin-top:0;margin-bottom:0;padding-top:0px;padding-right:0px;padding-bottom:0px;padding-left:0px\"><div class=\"wp-block-group__inner-container is-layout-constrained wp-container-core-group-is-layout-3bf8035a wp-block-group-is-layout-constrained\">\n<h2 class=\"wp-block-heading has-text-align-center has-x-large-font-size\">\u00bfNo has encontrado lo que buscabas?<\/h2>\n\n\n\n<p class=\"has-text-align-center has-medium-font-size wp-block-paragraph\">\u00a1Utiliza la barra de b\u00fasqueda de abajo para encontrar tu respuesta!<\/p>\n<\/div><\/div>\n<form role=\"search\" method=\"get\" action=\"https:\/\/familymealproject.com\/es\/\" class=\"wp-block-search__button-outside wp-block-search__text-button wp-block-search\"    ><label class=\"wp-block-search__label\" for=\"wp-block-search__input-1\" >Buscar<\/label><div class=\"wp-block-search__inside-wrapper\" ><input class=\"wp-block-search__input\" id=\"wp-block-search__input-1\" placeholder=\"\" value=\"\" type=\"search\" name=\"s\" required \/><button aria-label=\"Buscar\" class=\"wp-block-search__button wp-element-button\" type=\"submit\" >Buscar<\/button><\/div><\/form>","protected":false},"excerpt":{"rendered":"<p>Aprenda estrategias para fortalecer sus interacciones a la hora de comer con la familia, a la vez que se asegura de que su hijo est\u00e9 consumiendo alimentos nutritivos. \u00a1Haga clic en los enlaces de abajo para obtener m\u00e1s informaci\u00f3n! Nutrici\u00f3n general: Los 5 grupos de alimentos Etiqueta de informaci\u00f3n nutricional Consejos y estrategias para la &hellip; <\/p>\n","protected":false},"author":1,"featured_media":3017,"parent":0,"menu_order":0,"comment_status":"closed","ping_status":"closed","template":"","meta":{"_crdt_document":"","advanced_seo_description":"","jetpack_seo_html_title":"","jetpack_seo_noindex":false,"footnotes":""},"class_list":["post-3110","page","type-page","status-publish","has-post-thumbnail","hentry","grid-sizer"],"jetpack_likes_enabled":true,"jetpack_sharing_enabled":true,"jetpack_shortlink":"https:\/\/wp.me\/PfG06o-Oa","jetpack-related-posts":[],"_links":{"self":[{"href":"https:\/\/familymealproject.com\/es\/wp-json\/wp\/v2\/pages\/3110","targetHints":{"allow":["GET"]}}],"collection":[{"href":"https:\/\/familymealproject.com\/es\/wp-json\/wp\/v2\/pages"}],"about":[{"href":"https:\/\/familymealproject.com\/es\/wp-json\/wp\/v2\/types\/page"}],"author":[{"embeddable":true,"href":"https:\/\/familymealproject.com\/es\/wp-json\/wp\/v2\/users\/1"}],"replies":[{"embeddable":true,"href":"https:\/\/familymealproject.com\/es\/wp-json\/wp\/v2\/comments?post=3110"}],"version-history":[{"count":1,"href":"https:\/\/familymealproject.com\/es\/wp-json\/wp\/v2\/pages\/3110\/revisions"}],"predecessor-version":[{"id":3112,"href":"https:\/\/familymealproject.com\/es\/wp-json\/wp\/v2\/pages\/3110\/revisions\/3112"}],"wp:featuredmedia":[{"embeddable":true,"href":"https:\/\/familymealproject.com\/es\/wp-json\/wp\/v2\/media\/3017"}],"wp:attachment":[{"href":"https:\/\/familymealproject.com\/es\/wp-json\/wp\/v2\/media?parent=3110"}],"curies":[{"name":"wp","href":"https:\/\/api.w.org\/{rel}","templated":true}]}}