{"id":3090,"date":"2023-10-06T05:34:49","date_gmt":"2023-10-06T05:34:49","guid":{"rendered":"https:\/\/familymealproject.com\/cuestionarios-divertidos-para-toda-la-familia\/"},"modified":"2026-01-29T20:36:26","modified_gmt":"2026-01-29T20:36:26","slug":"cuestionarios-divertidos-para-toda-la-familia","status":"publish","type":"page","link":"https:\/\/familymealproject.com\/es\/cuestionarios-divertidos-para-toda-la-familia\/","title":{"rendered":"Cuestionarios divertidos para toda la familia"},"content":{"rendered":"\n<h2 class=\"wp-block-heading has-text-align-center has-text-color\" style=\"color:#0d8559\">\u00a1T\u00f3mate un tiempo y explora nuestra secci\u00f3n de cuestionarios!<\/h2>\n\n<p class=\"has-text-align-center wp-block-paragraph\"><strong>Desde cuestionarios que describen qu\u00e9 verdura eres hasta pruebas de tus conocimientos sobre nutrici\u00f3n, \u00a1seguro que te mantendr\u00e1n alerta!<\/strong><\/p>\n\n<div class=\"wp-block-columns is-layout-flex wp-container-core-columns-is-layout-8f761849 wp-block-columns-is-layout-flex\">\n<div class=\"wp-block-column is-layout-flow wp-block-column-is-layout-flow\">\n\t\t<div id=\"interact-5bf414c48a08a400131a74004f0f1d59f4b99814b373878ecfa84a58\" style=\"\"><\/div>\n\t\t<script type=\"text\/javascript\">\n\t\t\t(function(){\t\t\t\t\n\t\t\t\twindow.addEventListener(\"load\", function(){\n\t\t\t\t\tvar app_id = \"5bf414c48a08a400131a7400\";\n\t\t\t\t\tvar ref = \"5bf414c48a08a400131a74004f0f1d59f4b99814b373878ecfa84a58\";\n\t\t\t\t\tvar w = \"800\";\n\t\t\t\t\tvar h = \"800\";\n\t\t\t\t\tvar host = \"quiz.tryinteract.com\";\n\t\t\t\t\tvar no_cover = false;\n\t\t\t\t\tvar mobile = true;\n\t\t\t\t\tvar redirect = \"false\";\n\t\t\t\t\tvar params = { \"ref\": ref, \"appId\": app_id, \"width\": w, \"height\": h, \"async\": true, \"host\": host, \"auto_resize\": true, \"mobile\":  mobile, \"no_cover\": no_cover };\n\t\t\t\t\tif(redirect === \"host\") { \n\t\t\t\t\t\tparams.redirect_host = true;\n\t\t\t\t\t}\n\t\t\t\t\twindow[ref] = new InteractApp(); \n\t\t\t\t\twindow[ref].initialize(params); \n\t\t\t\t\twindow[ref].display(); \n\t\t\t\t});\n\t\t\t})(window);\n\t\t<\/script>\n\t\n<\/div>\n\n\n\n<div class=\"wp-block-column is-layout-flow wp-block-column-is-layout-flow\">\n\t\t<div id=\"interact-5c800377d08d4f001437f97802ea1aa73b21278d03d9fe0b6f8f33ac\" style=\"\"><\/div>\n\t\t<script type=\"text\/javascript\">\n\t\t\t(function(){\t\t\t\t\n\t\t\t\twindow.addEventListener(\"load\", function(){\n\t\t\t\t\tvar app_id = \"5c800377d08d4f001437f978\";\n\t\t\t\t\tvar ref = \"5c800377d08d4f001437f97802ea1aa73b21278d03d9fe0b6f8f33ac\";\n\t\t\t\t\tvar w = \"800\";\n\t\t\t\t\tvar h = \"800\";\n\t\t\t\t\tvar host = \"quiz.tryinteract.com\";\n\t\t\t\t\tvar no_cover = false;\n\t\t\t\t\tvar mobile = true;\n\t\t\t\t\tvar redirect = \"false\";\n\t\t\t\t\tvar params = { \"ref\": ref, \"appId\": app_id, \"width\": w, \"height\": h, \"async\": true, \"host\": host, \"auto_resize\": true, \"mobile\":  mobile, \"no_cover\": no_cover };\n\t\t\t\t\tif(redirect === \"host\") { \n\t\t\t\t\t\tparams.redirect_host = true;\n\t\t\t\t\t}\n\t\t\t\t\twindow[ref] = new InteractApp(); \n\t\t\t\t\twindow[ref].initialize(params); \n\t\t\t\t\twindow[ref].display(); \n\t\t\t\t});\n\t\t\t})(window);\n\t\t<\/script>\n\t\n<\/div>\n<\/div>\n\n<div class=\"wp-block-columns is-layout-flex wp-container-core-columns-is-layout-8f761849 wp-block-columns-is-layout-flex\">\n<div class=\"wp-block-column is-layout-flow wp-block-column-is-layout-flow\">\n\t\t<div id=\"interact-5bf414c48a08a400131a7400d3d5ec69de66129e53f8719b8dac489f\" style=\"\"><\/div>\n\t\t<script type=\"text\/javascript\">\n\t\t\t(function(){\t\t\t\t\n\t\t\t\twindow.addEventListener(\"load\", function(){\n\t\t\t\t\tvar app_id = \"5bf414c48a08a400131a7400\";\n\t\t\t\t\tvar ref = \"5bf414c48a08a400131a7400d3d5ec69de66129e53f8719b8dac489f\";\n\t\t\t\t\tvar w = \"800\";\n\t\t\t\t\tvar h = \"800\";\n\t\t\t\t\tvar host = \"quiz.tryinteract.com\";\n\t\t\t\t\tvar no_cover = false;\n\t\t\t\t\tvar mobile = true;\n\t\t\t\t\tvar redirect = \"false\";\n\t\t\t\t\tvar params = { \"ref\": ref, \"appId\": app_id, \"width\": w, \"height\": h, \"async\": true, \"host\": host, \"auto_resize\": true, \"mobile\":  mobile, \"no_cover\": no_cover };\n\t\t\t\t\tif(redirect === \"host\") { \n\t\t\t\t\t\tparams.redirect_host = true;\n\t\t\t\t\t}\n\t\t\t\t\twindow[ref] = new InteractApp(); \n\t\t\t\t\twindow[ref].initialize(params); \n\t\t\t\t\twindow[ref].display(); \n\t\t\t\t});\n\t\t\t})(window);\n\t\t<\/script>\n\t\n<\/div>\n\n\n\n<div class=\"wp-block-column is-layout-flow wp-block-column-is-layout-flow\">\n\t\t<div id=\"interact-5c59f5775aff74001454f6430dd5fd0cbae18aab810d60ef9036f567\" style=\"\"><\/div>\n\t\t<script type=\"text\/javascript\">\n\t\t\t(function(){\t\t\t\t\n\t\t\t\twindow.addEventListener(\"load\", function(){\n\t\t\t\t\tvar app_id = \"5c59f5775aff74001454f643\";\n\t\t\t\t\tvar ref = \"5c59f5775aff74001454f6430dd5fd0cbae18aab810d60ef9036f567\";\n\t\t\t\t\tvar w = \"800\";\n\t\t\t\t\tvar h = \"800\";\n\t\t\t\t\tvar host = \"quiz.tryinteract.com\";\n\t\t\t\t\tvar no_cover = false;\n\t\t\t\t\tvar mobile = true;\n\t\t\t\t\tvar redirect = \"false\";\n\t\t\t\t\tvar params = { \"ref\": ref, \"appId\": app_id, \"width\": w, \"height\": h, \"async\": true, \"host\": host, \"auto_resize\": true, \"mobile\":  mobile, \"no_cover\": no_cover };\n\t\t\t\t\tif(redirect === \"host\") { \n\t\t\t\t\t\tparams.redirect_host = true;\n\t\t\t\t\t}\n\t\t\t\t\twindow[ref] = new InteractApp(); \n\t\t\t\t\twindow[ref].initialize(params); \n\t\t\t\t\twindow[ref].display(); \n\t\t\t\t});\n\t\t\t})(window);\n\t\t<\/script>\n\t\n<\/div>\n<\/div>\n\n<div class=\"wp-block-columns is-layout-flex wp-container-core-columns-is-layout-8f761849 wp-block-columns-is-layout-flex\">\n<div class=\"wp-block-column is-layout-flow wp-block-column-is-layout-flow\">\n\t\t<div id=\"interact-5c80117385e5ea001418f4ac0140bf9e07a4e929986eaad5cf088b5b\" style=\"\"><\/div>\n\t\t<script type=\"text\/javascript\">\n\t\t\t(function(){\t\t\t\t\n\t\t\t\twindow.addEventListener(\"load\", function(){\n\t\t\t\t\tvar app_id = \"5c80117385e5ea001418f4ac\";\n\t\t\t\t\tvar ref = \"5c80117385e5ea001418f4ac0140bf9e07a4e929986eaad5cf088b5b\";\n\t\t\t\t\tvar w = \"800\";\n\t\t\t\t\tvar h = \"800\";\n\t\t\t\t\tvar host = \"quiz.tryinteract.com\";\n\t\t\t\t\tvar no_cover = false;\n\t\t\t\t\tvar mobile = true;\n\t\t\t\t\tvar redirect = \"false\";\n\t\t\t\t\tvar params = { \"ref\": ref, \"appId\": app_id, \"width\": w, \"height\": h, \"async\": true, \"host\": host, \"auto_resize\": true, \"mobile\":  mobile, \"no_cover\": no_cover };\n\t\t\t\t\tif(redirect === \"host\") { \n\t\t\t\t\t\tparams.redirect_host = true;\n\t\t\t\t\t}\n\t\t\t\t\twindow[ref] = new InteractApp(); \n\t\t\t\t\twindow[ref].initialize(params); \n\t\t\t\t\twindow[ref].display(); \n\t\t\t\t});\n\t\t\t})(window);\n\t\t<\/script>\n\t\n<\/div>\n\n\n\n<div class=\"wp-block-column is-layout-flow wp-block-column-is-layout-flow\">\n\t\t<div id=\"interact-5c40efa99e7cb700140e90619cb317fe2958904754a55dc6c90b5751\" style=\"\"><\/div>\n\t\t<script type=\"text\/javascript\">\n\t\t\t(function(){\t\t\t\t\n\t\t\t\twindow.addEventListener(\"load\", function(){\n\t\t\t\t\tvar app_id = \"5c40efa99e7cb700140e9061\";\n\t\t\t\t\tvar ref = \"5c40efa99e7cb700140e90619cb317fe2958904754a55dc6c90b5751\";\n\t\t\t\t\tvar w = \"800\";\n\t\t\t\t\tvar h = \"800\";\n\t\t\t\t\tvar host = \"quiz.tryinteract.com\";\n\t\t\t\t\tvar no_cover = false;\n\t\t\t\t\tvar mobile = true;\n\t\t\t\t\tvar redirect = \"false\";\n\t\t\t\t\tvar params = { \"ref\": ref, \"appId\": app_id, \"width\": w, \"height\": h, \"async\": true, \"host\": host, \"auto_resize\": true, \"mobile\":  mobile, \"no_cover\": no_cover };\n\t\t\t\t\tif(redirect === \"host\") { \n\t\t\t\t\t\tparams.redirect_host = true;\n\t\t\t\t\t}\n\t\t\t\t\twindow[ref] = new InteractApp(); \n\t\t\t\t\twindow[ref].initialize(params); \n\t\t\t\t\twindow[ref].display(); \n\t\t\t\t});\n\t\t\t})(window);\n\t\t<\/script>\n\t\n<\/div>\n<\/div>\n","protected":false},"excerpt":{"rendered":"<p>\u00a1T\u00f3mate un tiempo y explora nuestra secci\u00f3n de cuestionarios! Desde cuestionarios que describen qu\u00e9 verdura eres hasta pruebas de tus conocimientos sobre nutrici\u00f3n, \u00a1seguro que te mantendr\u00e1n alerta!<\/p>\n","protected":false},"author":1,"featured_media":3091,"parent":0,"menu_order":0,"comment_status":"closed","ping_status":"closed","template":"","meta":{"_crdt_document":"","advanced_seo_description":"","jetpack_seo_html_title":"","jetpack_seo_noindex":false,"jetpack_post_was_ever_published":false,"footnotes":""},"class_list":["post-3090","page","type-page","status-publish","has-post-thumbnail","hentry","grid-sizer"],"jetpack_likes_enabled":true,"jetpack_sharing_enabled":true,"jetpack_shortlink":"https:\/\/wp.me\/PfG06o-NQ","jetpack-related-posts":[],"_links":{"self":[{"href":"https:\/\/familymealproject.com\/es\/wp-json\/wp\/v2\/pages\/3090","targetHints":{"allow":["GET"]}}],"collection":[{"href":"https:\/\/familymealproject.com\/es\/wp-json\/wp\/v2\/pages"}],"about":[{"href":"https:\/\/familymealproject.com\/es\/wp-json\/wp\/v2\/types\/page"}],"author":[{"embeddable":true,"href":"https:\/\/familymealproject.com\/es\/wp-json\/wp\/v2\/users\/1"}],"replies":[{"embeddable":true,"href":"https:\/\/familymealproject.com\/es\/wp-json\/wp\/v2\/comments?post=3090"}],"version-history":[{"count":1,"href":"https:\/\/familymealproject.com\/es\/wp-json\/wp\/v2\/pages\/3090\/revisions"}],"predecessor-version":[{"id":3093,"href":"https:\/\/familymealproject.com\/es\/wp-json\/wp\/v2\/pages\/3090\/revisions\/3093"}],"wp:featuredmedia":[{"embeddable":true,"href":"https:\/\/familymealproject.com\/es\/wp-json\/wp\/v2\/media\/3091"}],"wp:attachment":[{"href":"https:\/\/familymealproject.com\/es\/wp-json\/wp\/v2\/media?parent=3090"}],"curies":[{"name":"wp","href":"https:\/\/api.w.org\/{rel}","templated":true}]}}