{"id":3038,"date":"2023-06-20T11:52:40","date_gmt":"2023-06-20T11:52:40","guid":{"rendered":"https:\/\/familymealproject.com\/menu-de-muestra-y-recetas-saludables\/"},"modified":"2026-01-29T20:30:45","modified_gmt":"2026-01-29T20:30:45","slug":"menu-de-muestra-y-recetas-saludables","status":"publish","type":"page","link":"https:\/\/familymealproject.com\/es\/menu-de-muestra-y-recetas-saludables\/","title":{"rendered":"Men\u00fa de muestra y recetas saludables"},"content":{"rendered":"\n<div class=\"wp-block-cover\"><span aria-hidden=\"true\" class=\"wp-block-cover__background has-background-dim\"><\/span><img decoding=\"async\" class=\"wp-block-cover__image-background wp-image-6760\" alt=\"\" src=\"https:\/\/i0.wp.com\/familymealproject.com\/wp-content\/uploads\/2022\/07\/Untitled-design-43.png?fit=1024%2C819&#038;ssl=1\" data-object-fit=\"cover\"\/><div class=\"wp-block-cover__inner-container is-layout-flow wp-block-cover-is-layout-flow\">\n<div class=\"wp-block-group has-black-color has-white-background-color has-text-color has-background\"><div class=\"wp-block-group__inner-container is-layout-constrained wp-block-group-is-layout-constrained\">\n<h2 class=\"wp-block-heading has-text-align-left has-large-font-size\">MEN\u00da DE MUESTRA Y RECETAS SALUDABLES<\/h2>\n\n\n\n<ul class=\"wp-block-list\">\n<li><a href=\"#overview-menu\">Resumen de la secci\u00f3n<\/a><\/li>\n\n\n\n<li><a href=\"#menu-list\">Men\u00fa de muestra y lista de la compra<\/a><\/li>\n\n\n\n<li><a href=\"#recipes\">Recetas saludables<\/a><\/li>\n<\/ul>\n<\/div><\/div>\n<\/div><\/div>\n\n<h2 class=\"wp-block-heading\" id=\"overview-menu\">Resumen de la secci\u00f3n<\/h2>\n\n<p class=\"wp-block-paragraph\">Esta secci\u00f3n contiene un men\u00fa de muestra y la lista de la compra correspondiente para una familia de cuatro miembros, \u00a1as\u00ed como recetas saludables y r\u00e1pidas que toda la familia disfrutar\u00e1!<\/p>\n\n<div style=\"height:25px\" aria-hidden=\"true\" class=\"wp-block-spacer\"><\/div>\n\n<h2 class=\"wp-block-heading\" id=\"menu-list\">Men\u00fa de muestra y lista de la compra (familia de 4)<\/h2>\n\n<p class=\"wp-block-paragraph\">\u00a1Hacer un men\u00fa semanal para tu familia es una excelente manera de asegurar una alimentaci\u00f3n saludable planificando con anticipaci\u00f3n! Una vez que decidas qu\u00e9 alimentos os gustar\u00eda a ti y a tu familia para la semana, comprueba los ingredientes que ya puedas tener en casa y luego haz una lista de la compra con los art\u00edculos adicionales que necesites comprar. \u00a1No olvides llevar tu lista contigo al supermercado!  <\/p>\n\n<div style=\"height:15px\" aria-hidden=\"true\" class=\"wp-block-spacer\"><\/div>\n\n<figure class=\"wp-block-gallery has-nested-images columns-default is-cropped wp-block-gallery-1 is-layout-flex wp-block-gallery-is-layout-flex\">\n<figure class=\"wp-block-image size-large\"><img decoding=\"async\" data-id=\"6229\" src=\"https:\/\/i0.wp.com\/familymealproject.com\/wp-content\/uploads\/2021\/09\/sample-menu-fmp.png?fit=791%2C1024&amp;ssl=1\" alt=\"\" class=\"wp-image-6229\"\/><\/figure>\n\n\n\n<figure class=\"wp-block-image size-large\"><img decoding=\"async\" data-id=\"6230\" src=\"https:\/\/i0.wp.com\/familymealproject.com\/wp-content\/uploads\/2021\/09\/shopping-list-FMP.png?fit=768%2C1024&amp;ssl=1\" alt=\"\" class=\"wp-image-6230\"\/><\/figure>\n<\/figure>\n\n<div style=\"height:150px\" aria-hidden=\"true\" class=\"wp-block-spacer\"><\/div>\n\n<div class=\"wp-block-columns alignwide is-layout-flex wp-container-core-columns-is-layout-8f761849 wp-block-columns-is-layout-flex\">\n<div class=\"wp-block-column is-layout-flow wp-block-column-is-layout-flow\" style=\"flex-basis:50%\">\n<p class=\"wp-block-paragraph\"><\/p>\n\n\n\n<div class=\"wp-block-group\"><div class=\"wp-block-group__inner-container is-layout-constrained wp-block-group-is-layout-constrained\">\n<p class=\"wp-block-paragraph\"><\/p>\n\n\n\n<h2 class=\"wp-block-heading\" id=\"recipes\">Recetas saludables<\/h2>\n\n\n\n<p class=\"wp-block-paragraph\">\u00a1Aqu\u00ed tienes algunas recetas r\u00e1pidas, f\u00e1ciles y nutritivas para probar con tu familia! Las recetas r\u00e1pidas son ideales para familias ocupadas. Con solo unos pocos ingredientes, \u00a1puedes preparar una deliciosa comida que toda la familia disfrutar\u00e1!  <\/p>\n<\/div><\/div>\n<\/div>\n\n\n\n<div class=\"wp-block-column is-layout-flow wp-block-column-is-layout-flow\" style=\"flex-basis:50%\">\n<div class=\"wp-block-jetpack-slideshow aligncenter\" data-effect=\"slide\"><div class=\"wp-block-jetpack-slideshow_container swiper-container\"><ul class=\"wp-block-jetpack-slideshow_swiper-wrapper swiper-wrapper\"><li class=\"wp-block-jetpack-slideshow_slide swiper-slide\"><figure><img data-recalc-dims=\"1\" height=\"1024\" width=\"683\" decoding=\"async\" alt=\"\" class=\"wp-block-jetpack-slideshow_image wp-image-6506\" data-id=\"6506\" src=\"https:\/\/i0.wp.com\/familymealproject.fiu.edu\/wp-content\/uploads\/2022\/07\/Veggie-Burrito-Bowl-Recipe-683x1024.png?resize=683%2C1024&#038;ssl=1\"><\/figure><\/li><li class=\"wp-block-jetpack-slideshow_slide swiper-slide\"><figure><img data-recalc-dims=\"1\" height=\"1024\" width=\"683\" decoding=\"async\" alt=\"\" class=\"wp-block-jetpack-slideshow_image wp-image-5558\" data-id=\"5558\" src=\"https:\/\/i0.wp.com\/familymealproject.fiu.edu\/wp-content\/uploads\/2021\/08\/Chicken-Soup-Recipe-683x1024.png?resize=683%2C1024&#038;ssl=1\"><\/figure><\/li><li class=\"wp-block-jetpack-slideshow_slide swiper-slide\"><figure><img data-recalc-dims=\"1\" height=\"1024\" width=\"683\" decoding=\"async\" alt=\"\" class=\"wp-block-jetpack-slideshow_image wp-image-5559\" data-id=\"5559\" src=\"https:\/\/i0.wp.com\/familymealproject.fiu.edu\/wp-content\/uploads\/2021\/08\/Rice-Beans-Recipe-683x1024.png?resize=683%2C1024&#038;ssl=1\"><\/figure><\/li><li class=\"wp-block-jetpack-slideshow_slide swiper-slide\"><figure><img data-recalc-dims=\"1\" height=\"1024\" width=\"683\" decoding=\"async\" alt=\"\" class=\"wp-block-jetpack-slideshow_image wp-image-6507\" data-id=\"6507\" src=\"https:\/\/i0.wp.com\/familymealproject.fiu.edu\/wp-content\/uploads\/2022\/07\/Breakfast-Quesadilla-683x1024.png?resize=683%2C1024&#038;ssl=1\"><\/figure><\/li><li class=\"wp-block-jetpack-slideshow_slide swiper-slide\"><figure><img data-recalc-dims=\"1\" height=\"1024\" width=\"683\" decoding=\"async\" alt=\"\" class=\"wp-block-jetpack-slideshow_image wp-image-5556\" data-id=\"5556\" src=\"https:\/\/i0.wp.com\/familymealproject.fiu.edu\/wp-content\/uploads\/2021\/08\/Pasta-Recipe-683x1024.png?resize=683%2C1024&#038;ssl=1\"><\/figure><\/li><li class=\"wp-block-jetpack-slideshow_slide swiper-slide\"><figure><img data-recalc-dims=\"1\" height=\"1024\" width=\"683\" decoding=\"async\" alt=\"\" class=\"wp-block-jetpack-slideshow_image wp-image-5560\" data-id=\"5560\" src=\"https:\/\/i0.wp.com\/familymealproject.fiu.edu\/wp-content\/uploads\/2021\/08\/Stir-Fry-Recipe-683x1024.png?resize=683%2C1024&#038;ssl=1\"><\/figure><\/li><li class=\"wp-block-jetpack-slideshow_slide swiper-slide\"><figure><img data-recalc-dims=\"1\" height=\"1024\" width=\"683\" decoding=\"async\" alt=\"\" class=\"wp-block-jetpack-slideshow_image wp-image-5557\" data-id=\"5557\" src=\"https:\/\/i0.wp.com\/familymealproject.fiu.edu\/wp-content\/uploads\/2021\/08\/Chicken-Peppers-Recipe-683x1024.png?resize=683%2C1024&#038;ssl=1\"><\/figure><\/li><\/ul><a class=\"wp-block-jetpack-slideshow_button-prev swiper-button-prev swiper-button-white\" role=\"button\"><\/a><a class=\"wp-block-jetpack-slideshow_button-next swiper-button-next swiper-button-white\" role=\"button\"><\/a><a aria-label=\"Pause Slideshow\" class=\"wp-block-jetpack-slideshow_button-pause\" role=\"button\"><\/a><div class=\"wp-block-jetpack-slideshow_pagination swiper-pagination swiper-pagination-white\"><\/div><\/div><\/div>\n<\/div>\n<\/div>\n","protected":false},"excerpt":{"rendered":"<p>Resumen de la secci\u00f3n Esta secci\u00f3n contiene un men\u00fa de muestra y la lista de la compra correspondiente para una familia de cuatro miembros, \u00a1as\u00ed como recetas saludables y r\u00e1pidas que toda la familia disfrutar\u00e1! Men\u00fa de muestra y lista de la compra (familia de 4) \u00a1Hacer un men\u00fa semanal para tu familia es una &hellip; <\/p>\n","protected":false},"author":1,"featured_media":0,"parent":0,"menu_order":0,"comment_status":"closed","ping_status":"closed","template":"","meta":{"_crdt_document":"","advanced_seo_description":"","jetpack_seo_html_title":"","jetpack_seo_noindex":false,"footnotes":""},"class_list":["post-3038","page","type-page","status-publish","hentry","grid-sizer"],"jetpack_likes_enabled":true,"jetpack_sharing_enabled":true,"jetpack_shortlink":"https:\/\/wp.me\/PfG06o-N0","jetpack-related-posts":[],"_links":{"self":[{"href":"https:\/\/familymealproject.com\/es\/wp-json\/wp\/v2\/pages\/3038","targetHints":{"allow":["GET"]}}],"collection":[{"href":"https:\/\/familymealproject.com\/es\/wp-json\/wp\/v2\/pages"}],"about":[{"href":"https:\/\/familymealproject.com\/es\/wp-json\/wp\/v2\/types\/page"}],"author":[{"embeddable":true,"href":"https:\/\/familymealproject.com\/es\/wp-json\/wp\/v2\/users\/1"}],"replies":[{"embeddable":true,"href":"https:\/\/familymealproject.com\/es\/wp-json\/wp\/v2\/comments?post=3038"}],"version-history":[{"count":1,"href":"https:\/\/familymealproject.com\/es\/wp-json\/wp\/v2\/pages\/3038\/revisions"}],"predecessor-version":[{"id":3039,"href":"https:\/\/familymealproject.com\/es\/wp-json\/wp\/v2\/pages\/3038\/revisions\/3039"}],"wp:attachment":[{"href":"https:\/\/familymealproject.com\/es\/wp-json\/wp\/v2\/media?parent=3038"}],"curies":[{"name":"wp","href":"https:\/\/api.w.org\/{rel}","templated":true}]}}