{"id":3036,"date":"2023-06-20T12:14:26","date_gmt":"2023-06-20T12:14:26","guid":{"rendered":"https:\/\/familymealproject.com\/seguridad-alimentaria-y-fiambreras\/"},"modified":"2026-01-29T20:30:45","modified_gmt":"2026-01-29T20:30:45","slug":"seguridad-alimentaria-y-fiambreras","status":"publish","type":"page","link":"https:\/\/familymealproject.com\/es\/seguridad-alimentaria-y-fiambreras\/","title":{"rendered":"Seguridad alimentaria y fiambreras"},"content":{"rendered":"\n<div class=\"wp-block-cover is-light\"><span aria-hidden=\"true\" class=\"wp-block-cover__background has-background-dim\"><\/span><img decoding=\"async\" class=\"wp-block-cover__image-background wp-image-5667\" alt=\"\" src=\"https:\/\/i0.wp.com\/familymealproject.com\/wp-content\/uploads\/2021\/08\/lunchbox.png?fit=1024%2C1024&#038;ssl=1\" data-object-fit=\"cover\"\/><div class=\"wp-block-cover__inner-container is-layout-flow wp-block-cover-is-layout-flow\">\n<div class=\"wp-block-group has-white-background-color has-background\"><div class=\"wp-block-group__inner-container is-layout-constrained wp-block-group-is-layout-constrained\">\n<h2 class=\"wp-block-heading has-text-align-left has-large-font-size\">SEGURIDAD ALIMENTARIA Y FIAMBRERAS<\/h2>\n\n\n\n<ul class=\"wp-block-list\">\n<li><a href=\"#overview-fs\">Resumen de la secci\u00f3n<\/a><\/li>\n\n\n\n<li><a href=\"#food-safety\">Importancia de la seguridad alimentaria<\/a><\/li>\n\n\n\n<li><a href=\"#choose-lunchbox\">C\u00f3mo elegir la fiambrera adecuada<\/a><\/li>\n\n\n\n<li><a href=\"#fs-tips\">Consejos de seguridad alimentaria para la fiambrera<\/a><\/li>\n<\/ul>\n<\/div><\/div>\n<\/div><\/div>\n\n<h2 class=\"wp-block-heading\" id=\"overview-fs\">Resumen de la secci\u00f3n<\/h2>\n\n<p class=\"wp-block-paragraph\">En esta secci\u00f3n se ofrecen consejos para elegir la fiambrera adecuada y proteger a su hijo de enfermedades transmitidas por los alimentos.<\/p>\n\n<div style=\"height:25px\" aria-hidden=\"true\" class=\"wp-block-spacer\"><\/div>\n\n<div class=\"wp-block-media-text alignwide has-media-on-the-right is-stacked-on-mobile has-background\" style=\"background-color:#d2e6df;grid-template-columns:auto 32%\"><div class=\"wp-block-media-text__content\">\n<div class=\"wp-block-group\"><div class=\"wp-block-group__inner-container is-layout-constrained wp-block-group-is-layout-constrained\">\n<h2 class=\"wp-block-heading\" id=\"food-safety\">Importancia de la seguridad alimentaria<\/h2>\n\n\n\n<p class=\"has-black-color has-text-color wp-block-paragraph\">La seguridad alimentaria garantiza que nuestros alimentos no contengan contaminantes ni peligros. Por lo tanto, una preparaci\u00f3n adecuada de los alimentos previene las enfermedades transmitidas por los alimentos. Al preparar la fiambrera de su hijo, es importante prevenir las enfermedades transmitidas por los alimentos controlando la temperatura de los alimentos. <\/p>\n\n\n\n<p class=\"has-black-color has-text-color wp-block-paragraph\"><em>Nota: Las enfermedades transmitidas por los alimentos se desarrollan entre 4,4 \u00b0C y 60 \u00b0C.<\/em><\/p>\n<\/div><\/div>\n\n\n\n<p class=\"wp-block-paragraph\"><\/p>\n<\/div><figure class=\"wp-block-media-text__media\"><img data-recalc-dims=\"1\" decoding=\"async\" src=\"https:\/\/i0.wp.com\/familymealproject.com\/wp-content\/uploads\/2023\/06\/Untitled-design-91.png?w=810&#038;ssl=1\" alt=\"\" class=\"wp-image-8861 size-full\"\/><\/figure><\/div>\n\n<div style=\"height:25px\" aria-hidden=\"true\" class=\"wp-block-spacer\"><\/div>\n\n<div class=\"wp-block-media-text alignwide is-stacked-on-mobile\" style=\"grid-template-columns:29% auto\"><figure class=\"wp-block-media-text__media\"><img decoding=\"async\" src=\"https:\/\/i0.wp.com\/familymealproject.com\/wp-content\/uploads\/2021\/08\/insulated-lunchbox.png?fit=1024%2C1024&#038;ssl=1\" alt=\"\" class=\"wp-image-5682 size-full\"\/><\/figure><div class=\"wp-block-media-text__content\">\n<h2 class=\"wp-block-heading\" id=\"choose-lunchbox\">C\u00f3mo elegir la fiambrera adecuada<\/h2>\n\n\n\n<ul class=\"wp-block-list\">\n<li>1) \u00a1Elija una fiambrera isot\u00e9rmica! &#8211; Las fiambreras isot\u00e9rmicas ayudan a mantener la temperatura de los alimentos y son m\u00e1s f\u00e1ciles de limpiar que las fiambreras de tela. Hay muchos tipos diferentes de fiambreras isot\u00e9rmicas con diversos estampados y colores para ni\u00f1os de todas las edades.<\/li>\n<\/ul>\n\n\n\n<ul class=\"wp-block-list\">\n<li>2) Utilice un termo isot\u00e9rmico para mantener la comida caliente: coloque la comida caliente dentro del termo y s\u00e9llelo con la tapa para mantener la comida caliente durante todo el d\u00eda<\/li>\n<\/ul>\n\n\n\n<ul class=\"wp-block-list\">\n<li>3) Utilice bolsas de hielo para mantener la comida fr\u00eda: \u00a1elija bolsas de hielo r\u00edgidas en lugar de bolsas de hielo blandas! Las bolsas de hielo r\u00edgidas son m\u00e1s gruesas y permanecen congeladas m\u00e1s tiempo que las bolsas de hielo blandas<\/li>\n<\/ul>\n<\/div><\/div>\n\n<div style=\"height:25px\" aria-hidden=\"true\" class=\"wp-block-spacer\"><\/div>\n\n<div class=\"wp-block-media-text alignwide has-media-on-the-right is-stacked-on-mobile\" style=\"grid-template-columns:auto 30%\"><div class=\"wp-block-media-text__content\">\n<div class=\"wp-block-group\"><div class=\"wp-block-group__inner-container is-layout-constrained wp-block-group-is-layout-constrained\">\n<h2 class=\"wp-block-heading\" id=\"fs-tips\">Consejos de seguridad alimentaria para la fiambrera<\/h2>\n\n\n\n<ul class=\"wp-block-list\">\n<li>1) Limpie el interior de la fiambrera de su hijo cada d\u00eda antes de meter comida nueva al d\u00eda siguiente<\/li>\n<\/ul>\n\n\n\n<ul class=\"wp-block-list\">\n<li>2) Lave a mano la fiambrera de su hijo peri\u00f3dicamente o a m\u00e1quina (ciclo suave con agua fr\u00eda y secado al aire)<\/li>\n<\/ul>\n\n\n\n<ul class=\"wp-block-list\">\n<li>3) \u00a1Practique el lavado de manos con su hijo! Priorice la higiene de las manos en la vida diaria de su familia y anime a su hijo a lavarse las manos antes de los refrigerios y las comidas mientras est\u00e1 en la escuela<\/li>\n<\/ul>\n<\/div><\/div>\n<\/div><figure class=\"wp-block-media-text__media\"><img decoding=\"async\" src=\"https:\/\/i0.wp.com\/familymealproject.com\/wp-content\/uploads\/2021\/08\/germs.png?fit=1024%2C1024&#038;ssl=1\" alt=\"\" class=\"wp-image-5706 size-full\"\/><\/figure><\/div>\n","protected":false},"excerpt":{"rendered":"<p>Resumen de la secci\u00f3n En esta secci\u00f3n se ofrecen consejos para elegir la fiambrera adecuada y proteger a su hijo de enfermedades transmitidas por los alimentos.<\/p>\n","protected":false},"author":1,"featured_media":0,"parent":0,"menu_order":0,"comment_status":"closed","ping_status":"closed","template":"","meta":{"_crdt_document":"","advanced_seo_description":"","jetpack_seo_html_title":"","jetpack_seo_noindex":false,"jetpack_post_was_ever_published":false,"footnotes":""},"class_list":["post-3036","page","type-page","status-publish","hentry","grid-sizer"],"jetpack_likes_enabled":true,"jetpack_sharing_enabled":true,"jetpack_shortlink":"https:\/\/wp.me\/PfG06o-MY","jetpack-related-posts":[],"_links":{"self":[{"href":"https:\/\/familymealproject.com\/es\/wp-json\/wp\/v2\/pages\/3036","targetHints":{"allow":["GET"]}}],"collection":[{"href":"https:\/\/familymealproject.com\/es\/wp-json\/wp\/v2\/pages"}],"about":[{"href":"https:\/\/familymealproject.com\/es\/wp-json\/wp\/v2\/types\/page"}],"author":[{"embeddable":true,"href":"https:\/\/familymealproject.com\/es\/wp-json\/wp\/v2\/users\/1"}],"replies":[{"embeddable":true,"href":"https:\/\/familymealproject.com\/es\/wp-json\/wp\/v2\/comments?post=3036"}],"version-history":[{"count":1,"href":"https:\/\/familymealproject.com\/es\/wp-json\/wp\/v2\/pages\/3036\/revisions"}],"predecessor-version":[{"id":3037,"href":"https:\/\/familymealproject.com\/es\/wp-json\/wp\/v2\/pages\/3036\/revisions\/3037"}],"wp:attachment":[{"href":"https:\/\/familymealproject.com\/es\/wp-json\/wp\/v2\/media?parent=3036"}],"curies":[{"name":"wp","href":"https:\/\/api.w.org\/{rel}","templated":true}]}}