{"id":3025,"date":"2018-10-16T18:27:28","date_gmt":"2018-10-16T18:27:28","guid":{"rendered":"https:\/\/familymealproject.com\/acerca-de-nosotros\/"},"modified":"2026-01-29T20:21:10","modified_gmt":"2026-01-29T20:21:10","slug":"acerca-de-nosotros","status":"publish","type":"page","link":"https:\/\/familymealproject.com\/es\/acerca-de-nosotros\/","title":{"rendered":"Acerca de nosotros"},"content":{"rendered":"<div class=\"wp-block-image\">\n<figure class=\"aligncenter size-full is-resized\"><img data-recalc-dims=\"1\" loading=\"lazy\" decoding=\"async\" width=\"353\" height=\"353\" src=\"https:\/\/i0.wp.com\/familymealproject.com\/wp-content\/uploads\/2024\/04\/cropped-cropped-cropped-logo.jpg?resize=353%2C353&#038;ssl=1\" alt=\"\" class=\"wp-image-985\" style=\"width:167px;height:auto\" srcset=\"https:\/\/i0.wp.com\/familymealproject.com\/wp-content\/uploads\/2024\/04\/cropped-cropped-cropped-logo.jpg?w=353&amp;ssl=1 353w, https:\/\/i0.wp.com\/familymealproject.com\/wp-content\/uploads\/2024\/04\/cropped-cropped-cropped-logo.jpg?resize=300%2C300&amp;ssl=1 300w, https:\/\/i0.wp.com\/familymealproject.com\/wp-content\/uploads\/2024\/04\/cropped-cropped-cropped-logo.jpg?resize=150%2C150&amp;ssl=1 150w, https:\/\/i0.wp.com\/familymealproject.com\/wp-content\/uploads\/2024\/04\/cropped-cropped-cropped-logo.jpg?resize=200%2C200&amp;ssl=1 200w, https:\/\/i0.wp.com\/familymealproject.com\/wp-content\/uploads\/2024\/04\/cropped-cropped-cropped-logo.jpg?resize=60%2C60&amp;ssl=1 60w\" sizes=\"auto, (max-width: 353px) 100vw, 353px\" \/><\/figure>\n<\/div>\n<h2 class=\"wp-block-heading has-text-align-center has-text-color has-link-color wp-elements-1714e19d497e46b6b5831d3a76779888\" style=\"color:#058e22\">\u00a1Bienvenido al Proyecto Comida Familiar!<\/h2>\n\n<p class=\"has-text-align-center wp-block-paragraph\">El objetivo del Proyecto Comida Familiar es ayudar a las familias a aprender estrategias basadas en la teor\u00eda y la investigaci\u00f3n para mejorar la hora de la comida familiar, las elecciones de alimentos y, en \u00faltima instancia, minimizar el riesgo de obesidad infantil.<\/p>\n\n<p class=\"has-text-align-center wp-block-paragraph\">Aqu\u00ed podr\u00e1s encontrar informaci\u00f3n \u00fatil para que la hora de la comida familiar sea un \u00e9xito. Sigue nuestro contenido para obtener m\u00e1s informaci\u00f3n sobre los 5 grupos de alimentos, las recomendaciones diarias, la etiqueta de informaci\u00f3n nutricional y aprende a usar las habilidades P.R.I.D.E. en la hora de la comida familiar. Tambi\u00e9n encontrar\u00e1s excelentes recetas y consejos para comidas y refrigerios saludables para la escuela y el trabajo. \u00a1Usa la pesta\u00f1a de recursos para encontrar videos adicionales, recetas, cuestionarios divertidos y otras aplicaciones y sitios web educativos!<\/p>\n\n<div style=\"height:50px\" aria-hidden=\"true\" class=\"wp-block-spacer\"><\/div>\n\n<h3 class=\"wp-block-heading has-text-align-center\">\u00a1Haz de la hora de la comida, tiempo en familia!<\/h3>\n\n<p class=\"has-text-align-center wp-block-paragraph\">Utiliza los enlaces de navegaci\u00f3n a continuaci\u00f3n para obtener m\u00e1s informaci\u00f3n sobre este proyecto y nuestro equipo:<\/p>\n\n<div class=\"wp-block-buttons is-content-justification-center is-layout-flex wp-container-core-buttons-is-layout-fe48e5de wp-block-buttons-is-layout-flex\">\n<div class=\"wp-block-button\"><a class=\"wp-block-button__link has-white-color has-text-color has-background has-link-color has-text-align-center wp-element-button\" href=\"https:\/\/familymealproject.com\/es\/acerca-de\/resumen-del-proyecto\/\" style=\"background-color:#058e22\">Resumen del proyecto<\/a><\/div>\n<\/div>\n\n<div style=\"height:25px\" aria-hidden=\"true\" class=\"wp-block-spacer\"><\/div>\n\n<div class=\"wp-block-buttons is-content-justification-center is-layout-flex wp-container-core-buttons-is-layout-fe48e5de wp-block-buttons-is-layout-flex\">\n<div class=\"wp-block-button\"><a class=\"wp-block-button__link has-white-color has-text-color has-background has-link-color wp-element-button\" href=\"https:\/\/familymealproject.com\/es\/acerca-de\/conoce-al-equipo\/\" style=\"background-color:#058e22\">Conoce al equipo<\/a><\/div>\n<\/div>\n","protected":false},"excerpt":{"rendered":"<p>\u00a1Bienvenido al Proyecto Comida Familiar! El objetivo del Proyecto Comida Familiar es ayudar a las familias a aprender estrategias basadas en la teor\u00eda y la investigaci\u00f3n para mejorar la hora de la comida familiar, las elecciones de alimentos y, en \u00faltima instancia, minimizar el riesgo de obesidad infantil. Aqu\u00ed podr\u00e1s encontrar informaci\u00f3n \u00fatil para que &hellip; <\/p>\n","protected":false},"author":1,"featured_media":3026,"parent":0,"menu_order":0,"comment_status":"closed","ping_status":"closed","template":"","meta":{"_crdt_document":"","advanced_seo_description":"","jetpack_seo_html_title":"","jetpack_seo_noindex":false,"footnotes":""},"class_list":["post-3025","page","type-page","status-publish","has-post-thumbnail","hentry","grid-sizer"],"jetpack_likes_enabled":true,"jetpack_sharing_enabled":true,"jetpack_shortlink":"https:\/\/wp.me\/PfG06o-MN","jetpack-related-posts":[],"_links":{"self":[{"href":"https:\/\/familymealproject.com\/es\/wp-json\/wp\/v2\/pages\/3025","targetHints":{"allow":["GET"]}}],"collection":[{"href":"https:\/\/familymealproject.com\/es\/wp-json\/wp\/v2\/pages"}],"about":[{"href":"https:\/\/familymealproject.com\/es\/wp-json\/wp\/v2\/types\/page"}],"author":[{"embeddable":true,"href":"https:\/\/familymealproject.com\/es\/wp-json\/wp\/v2\/users\/1"}],"replies":[{"embeddable":true,"href":"https:\/\/familymealproject.com\/es\/wp-json\/wp\/v2\/comments?post=3025"}],"version-history":[{"count":1,"href":"https:\/\/familymealproject.com\/es\/wp-json\/wp\/v2\/pages\/3025\/revisions"}],"predecessor-version":[{"id":3027,"href":"https:\/\/familymealproject.com\/es\/wp-json\/wp\/v2\/pages\/3025\/revisions\/3027"}],"wp:featuredmedia":[{"embeddable":true,"href":"https:\/\/familymealproject.com\/es\/wp-json\/wp\/v2\/media\/3026"}],"wp:attachment":[{"href":"https:\/\/familymealproject.com\/es\/wp-json\/wp\/v2\/media?parent=3025"}],"curies":[{"name":"wp","href":"https:\/\/api.w.org\/{rel}","templated":true}]}}