{"id":3010,"date":"2018-10-16T18:31:15","date_gmt":"2018-10-16T18:31:15","guid":{"rendered":"https:\/\/familymealproject.com\/acerca-de\/conoce-al-equipo\/"},"modified":"2026-01-29T20:20:56","modified_gmt":"2026-01-29T20:20:56","slug":"conoce-al-equipo","status":"publish","type":"page","link":"https:\/\/familymealproject.com\/es\/acerca-de\/conoce-al-equipo\/","title":{"rendered":"Conoce al equipo"},"content":{"rendered":"\n<h2 class=\"wp-block-heading has-text-align-center has-text-color has-link-color wp-elements-3c93472917dc557a03fe92eabcbd9b46\" style=\"color:#057b4f\">\u00bfQui\u00e9nes somos?<\/h2>\n\n<p class=\"wp-block-paragraph\">The Family Meal Project fue conceptualizado por un equipo interdisciplinario de investigadores de la Universidad Internacional de Florida. Desde sus inicios, el equipo ha trabajado con padres de diferentes grupos de edad para crear, revisar e incorporar sus necesidades dentro del contenido, el dise\u00f1o y la implementaci\u00f3n del sitio web. Adem\u00e1s, Family Meal Project no ser\u00eda posible sin su equipo de estudiantes investigadores que han ayudado a que esto sea posible.<\/p>\n\n<h3 class=\"wp-block-heading has-text-color has-link-color wp-elements-d390d63a035f7537b218a2ce071142ba\" style=\"color:#057b4f\">Equipo de investigaci\u00f3n de Family Meal Project<\/h3>\n\n<div class=\"wp-block-media-text is-stacked-on-mobile\" style=\"grid-template-columns:30% auto\"><figure class=\"wp-block-media-text__media\"><img data-recalc-dims=\"1\" loading=\"lazy\" decoding=\"async\" width=\"810\" height=\"1013\" src=\"https:\/\/i0.wp.com\/familymealproject.com\/wp-content\/uploads\/2024\/05\/DSCN0050.jpeg?resize=810%2C1013&#038;ssl=1\" alt=\"\" class=\"wp-image-1532 size-full\" srcset=\"https:\/\/i0.wp.com\/familymealproject.com\/wp-content\/uploads\/2024\/05\/DSCN0050.jpeg?w=819&amp;ssl=1 819w, https:\/\/i0.wp.com\/familymealproject.com\/wp-content\/uploads\/2024\/05\/DSCN0050.jpeg?resize=240%2C300&amp;ssl=1 240w, https:\/\/i0.wp.com\/familymealproject.com\/wp-content\/uploads\/2024\/05\/DSCN0050.jpeg?resize=768%2C960&amp;ssl=1 768w, https:\/\/i0.wp.com\/familymealproject.com\/wp-content\/uploads\/2024\/05\/DSCN0050.jpeg?resize=48%2C60&amp;ssl=1 48w\" sizes=\"auto, (max-width: 810px) 100vw, 810px\" \/><\/figure><div class=\"wp-block-media-text__content\">\n<h4 class=\"wp-block-heading alignwide\">Investigadora principal: Catherine Coccia Ph.D., R.D., LD\/N<\/h4>\n\n\n\n<p class=\"wp-block-paragraph\">La Dra. Catherine Coccia es profesora asociada en el Departamento de Diet\u00e9tica y Nutrici\u00f3n de la Universidad Internacional de Florida. La Dra. Coccia tambi\u00e9n es dietista titulada con experiencia en el trabajo con ni\u00f1os y familias para mejorar los resultados de salud a trav\u00e9s de una nutrici\u00f3n adecuada. La investigaci\u00f3n de la Dra. Coccia combina la ciencia b\u00e1sica en la salud infantil y la evaluaci\u00f3n de programas comunitarios para aumentar los resultados relacionados con la salud en diversas poblaciones. Ha recibido financiaci\u00f3n para su investigaci\u00f3n que examina el papel que desempe\u00f1an las escuelas y los padres en los comportamientos de salud de ni\u00f1os, adolescentes y adultos emergentes, y ha contribuido al desarrollo de varias intervenciones comunitarias para diversas poblaciones. Visite el sitio web del equipo de la Dra. Coccia en <a href=\"http:\/\/nicelab.fiu.edu\" rel=\"nofollow\">http:\/\/nicelab.fiu.edu<\/a>.<\/p>\n<\/div><\/div>\n\n<div class=\"wp-block-media-text is-stacked-on-mobile\" style=\"grid-template-columns:30% auto\"><figure class=\"wp-block-media-text__media\"><img data-recalc-dims=\"1\" loading=\"lazy\" decoding=\"async\" width=\"810\" height=\"867\" src=\"https:\/\/i0.wp.com\/familymealproject.com\/wp-content\/uploads\/2019\/01\/stacy-frazier.jpg?resize=810%2C867&#038;ssl=1\" alt=\"\" class=\"wp-image-149 size-full\" srcset=\"https:\/\/i0.wp.com\/familymealproject.com\/wp-content\/uploads\/2019\/01\/stacy-frazier.jpg?resize=957%2C1024&amp;ssl=1 957w, https:\/\/i0.wp.com\/familymealproject.com\/wp-content\/uploads\/2019\/01\/stacy-frazier.jpg?resize=280%2C300&amp;ssl=1 280w, https:\/\/i0.wp.com\/familymealproject.com\/wp-content\/uploads\/2019\/01\/stacy-frazier.jpg?resize=768%2C822&amp;ssl=1 768w, https:\/\/i0.wp.com\/familymealproject.com\/wp-content\/uploads\/2019\/01\/stacy-frazier.jpg?w=1000&amp;ssl=1 1000w\" sizes=\"auto, (max-width: 810px) 100vw, 810px\" \/><\/figure><div class=\"wp-block-media-text__content\">\n<h4 class=\"wp-block-heading alignwide\">Stacy Frazier, Ph.D.<\/h4>\n\n\n\n<p class=\"wp-block-paragraph\">Stacy Frazier, Ph.D., es profesora en el Departamento de Psicolog\u00eda de la Universidad Internacional de Florida. Dirige un programa de investigaci\u00f3n de servicios de salud mental infantil en colaboraci\u00f3n con la comunidad y entre agencias, centrado en el fortalecimiento de los apoyos a las escuelas y los programas extraescolares que atienden a j\u00f3venes en vecindarios caracterizados por la pobreza de recursos, la violencia armada y la inseguridad alimentaria y de vivienda. Ampliando la literatura sobre el cambio de tareas al tiempo extraescolar, los estudios actuales de la Dra. Frazier est\u00e1n dise\u00f1ados para apoyar al personal de recreaci\u00f3n extraescolar para aprovechar los momentos de ense\u00f1anza para que los j\u00f3venes practiquen habilidades de vida y liderazgo relacionadas con la comunicaci\u00f3n, la regulaci\u00f3n emocional y la resoluci\u00f3n de problemas. Visite el sitio web del equipo de la Dra. Frazier en <a href=\"http:\/\/nafasi.fiu.edu\" rel=\"nofollow\">http:\/\/nafasi.fiu.edu<\/a>. <\/p>\n<\/div><\/div>\n\n<div class=\"wp-block-media-text is-stacked-on-mobile\" style=\"grid-template-columns:30% auto\"><figure class=\"wp-block-media-text__media\"><img data-recalc-dims=\"1\" loading=\"lazy\" decoding=\"async\" width=\"800\" height=\"1000\" src=\"https:\/\/i0.wp.com\/familymealproject.com\/wp-content\/uploads\/2019\/01\/Adriana_Campa.jpg?resize=800%2C1000&#038;ssl=1\" alt=\"\" class=\"wp-image-153 size-full\" srcset=\"https:\/\/i0.wp.com\/familymealproject.com\/wp-content\/uploads\/2019\/01\/Adriana_Campa.jpg?w=800&amp;ssl=1 800w, https:\/\/i0.wp.com\/familymealproject.com\/wp-content\/uploads\/2019\/01\/Adriana_Campa.jpg?resize=240%2C300&amp;ssl=1 240w, https:\/\/i0.wp.com\/familymealproject.com\/wp-content\/uploads\/2019\/01\/Adriana_Campa.jpg?resize=768%2C960&amp;ssl=1 768w\" sizes=\"auto, (max-width: 800px) 100vw, 800px\" \/><\/figure><div class=\"wp-block-media-text__content\">\n<h4 class=\"wp-block-heading\">Adriana Campa Ph.D., R.D.<\/h4>\n\n\n\n<p class=\"wp-block-paragraph\">Adriana Campa, Ph.D., R.D., es profesora em\u00e9rita en el Departamento de Diet\u00e9tica y Nutrici\u00f3n de la Universidad Internacional de Florida. La Dra. Campa ha sido dietista titulada durante m\u00e1s de 30 a\u00f1os en Miami-Dade. Durante esos a\u00f1os, forj\u00f3 muchas conexiones s\u00f3lidas en esta comunidad a trav\u00e9s de sus actividades cl\u00ednicas, comunitarias y de investigaci\u00f3n. Se convirti\u00f3 en profesora asociada titular en FIU en 2012, donde particip\u00f3 en numerosas actividades de ense\u00f1anza e investigaci\u00f3n. Ha realizado investigaciones sobre el VIH y la nutrici\u00f3n en Panam\u00e1, Honduras, Rep\u00fablica Dominicana, Guyana, M\u00e9xico y Botswana, as\u00ed como en zonas empobrecidas del condado de Miami-Dade.<\/p>\n<\/div><\/div>\n\n<div style=\"height:20px\" aria-hidden=\"true\" class=\"wp-block-spacer\"><\/div>\n\n<div class=\"wp-block-group alignfull is-content-justification-center\" style=\"margin-top:0;margin-bottom:0;padding-top:calc( 0.5 * var(--wp--style--root--padding-right, var(--wp--custom--gap--horizontal)));padding-right:var(--wp--style--root--padding-right, var(--wp--custom--gap--horizontal));padding-bottom:calc( 0.5 * var(--wp--style--root--padding-right, var(--wp--custom--gap--horizontal)));padding-left:var(--wp--style--root--padding-left, var(--wp--custom--gap--horizontal))\"><div class=\"wp-block-group__inner-container is-layout-constrained wp-container-core-group-is-layout-2dc3bf18 wp-block-group-is-layout-constrained\">\n<div style=\"height:calc( 0.25 * var(--wp--style--root--padding-right, var(--wp--custom--gap--horizontal)))\" aria-hidden=\"true\" class=\"wp-block-spacer\"><\/div>\n\n\n\n<div style=\"height:calc( 0.25 * var(--wp--style--root--padding-right, var(--wp--custom--gap--horizontal)))\" aria-hidden=\"true\" class=\"wp-block-spacer\"><\/div>\n<\/div><\/div>\n\n<div class=\"wp-block-media-text is-stacked-on-mobile\" style=\"grid-template-columns:30% auto\"><figure class=\"wp-block-media-text__media\"><img data-recalc-dims=\"1\" loading=\"lazy\" decoding=\"async\" width=\"780\" height=\"1024\" src=\"https:\/\/i0.wp.com\/familymealproject.com\/wp-content\/uploads\/2024\/05\/Headshot-2_cropped-Nicole-Vitale.jpg?resize=780%2C1024&#038;ssl=1\" alt=\"\" class=\"wp-image-1552 size-full\" srcset=\"https:\/\/i0.wp.com\/familymealproject.com\/wp-content\/uploads\/2024\/05\/Headshot-2_cropped-Nicole-Vitale.jpg?resize=780%2C1024&amp;ssl=1 780w, https:\/\/i0.wp.com\/familymealproject.com\/wp-content\/uploads\/2024\/05\/Headshot-2_cropped-Nicole-Vitale.jpg?resize=229%2C300&amp;ssl=1 229w, https:\/\/i0.wp.com\/familymealproject.com\/wp-content\/uploads\/2024\/05\/Headshot-2_cropped-Nicole-Vitale.jpg?resize=768%2C1008&amp;ssl=1 768w, https:\/\/i0.wp.com\/familymealproject.com\/wp-content\/uploads\/2024\/05\/Headshot-2_cropped-Nicole-Vitale.jpg?resize=1171%2C1536&amp;ssl=1 1171w, https:\/\/i0.wp.com\/familymealproject.com\/wp-content\/uploads\/2024\/05\/Headshot-2_cropped-Nicole-Vitale.jpg?resize=1200%2C1575&amp;ssl=1 1200w, https:\/\/i0.wp.com\/familymealproject.com\/wp-content\/uploads\/2024\/05\/Headshot-2_cropped-Nicole-Vitale.jpg?resize=46%2C60&amp;ssl=1 46w, https:\/\/i0.wp.com\/familymealproject.com\/wp-content\/uploads\/2024\/05\/Headshot-2_cropped-Nicole-Vitale.jpg?w=1371&amp;ssl=1 1371w\" sizes=\"auto, (max-width: 780px) 100vw, 780px\" \/><\/figure><div class=\"wp-block-media-text__content\">\n<h4 class=\"wp-block-heading\">Nicole Vitale Ph.D., R.D., LD\/N<\/h4>\n\n\n\n<p class=\"wp-block-paragraph\">Nicole Vitale Ph.D., R.D., LD\/N es profesora asistente en la Universidad Atl\u00e1ntica de Florida. Tambi\u00e9n es dietista titulada y especialista certificada en nutrici\u00f3n pedi\u00e1trica. Los intereses de investigaci\u00f3n de la Dra. Vitale incluyen la educaci\u00f3n nutricional comunitaria con un enfoque en ni\u00f1os, familias y escuelas.<\/p>\n<\/div><\/div>\n\n<div style=\"height:65px\" aria-hidden=\"true\" class=\"wp-block-spacer\"><\/div>\n\n<h3 class=\"wp-block-heading has-text-color has-link-color wp-elements-94841126517cc408a00d954f01c2d04d\" style=\"color:#057b4f\">Miembros del equipo estudiantil<\/h3>\n\n<p class=\"has-text-align-center wp-block-paragraph\">Este proyecto no ser\u00eda posible sin la ayuda de los incre\u00edbles estudiantes que han trabajado en este proyecto entre bastidores.<\/p>\n\n<div style=\"height:20px\" aria-hidden=\"true\" class=\"wp-block-spacer\"><\/div>\n\n<div class=\"wp-block-group alignfull is-content-justification-center\" style=\"margin-top:0;margin-bottom:0;padding-top:calc( 0.5 * var(--wp--style--root--padding-right, var(--wp--custom--gap--horizontal)));padding-right:var(--wp--style--root--padding-right, var(--wp--custom--gap--horizontal));padding-bottom:calc( 0.5 * var(--wp--style--root--padding-right, var(--wp--custom--gap--horizontal)));padding-left:var(--wp--style--root--padding-left, var(--wp--custom--gap--horizontal))\"><div class=\"wp-block-group__inner-container is-layout-constrained wp-container-core-group-is-layout-2dc3bf18 wp-block-group-is-layout-constrained\">\n<div style=\"height:calc( 0.25 * var(--wp--style--root--padding-right, var(--wp--custom--gap--horizontal)))\" aria-hidden=\"true\" class=\"wp-block-spacer\"><\/div>\n\n\n\n<div class=\"wp-block-group alignwide\"><div class=\"wp-block-group__inner-container is-layout-constrained wp-block-group-is-layout-constrained\">\n<div style=\"height:var(--wp--preset--spacing--20)\" aria-hidden=\"true\" class=\"wp-block-spacer\"><\/div>\n\n\n\n<div class=\"wp-block-columns alignwide is-layout-flex wp-container-core-columns-is-layout-a7548048 wp-block-columns-is-layout-flex\">\n<div class=\"wp-block-column is-layout-flow wp-block-column-is-layout-flow\">\n<div class=\"wp-block-group\" style=\"margin-bottom:10px\"><div class=\"wp-block-group__inner-container is-layout-flow wp-block-group-is-layout-flow\">\n<figure class=\"wp-block-image size-full\"><img data-recalc-dims=\"1\" loading=\"lazy\" decoding=\"async\" width=\"810\" height=\"608\" src=\"https:\/\/i0.wp.com\/familymealproject.com\/wp-content\/uploads\/2024\/05\/DSCN0012.jpg?resize=810%2C608&#038;ssl=1\" alt=\"\" class=\"wp-image-1534\" style=\"aspect-ratio:4\/3;object-fit:cover\" srcset=\"https:\/\/i0.wp.com\/familymealproject.com\/wp-content\/uploads\/2024\/05\/DSCN0012.jpg?w=4608&amp;ssl=1 4608w, https:\/\/i0.wp.com\/familymealproject.com\/wp-content\/uploads\/2024\/05\/DSCN0012.jpg?resize=300%2C225&amp;ssl=1 300w, https:\/\/i0.wp.com\/familymealproject.com\/wp-content\/uploads\/2024\/05\/DSCN0012.jpg?resize=1024%2C768&amp;ssl=1 1024w, https:\/\/i0.wp.com\/familymealproject.com\/wp-content\/uploads\/2024\/05\/DSCN0012.jpg?resize=768%2C576&amp;ssl=1 768w, https:\/\/i0.wp.com\/familymealproject.com\/wp-content\/uploads\/2024\/05\/DSCN0012.jpg?resize=1536%2C1152&amp;ssl=1 1536w, https:\/\/i0.wp.com\/familymealproject.com\/wp-content\/uploads\/2024\/05\/DSCN0012.jpg?resize=2048%2C1536&amp;ssl=1 2048w, https:\/\/i0.wp.com\/familymealproject.com\/wp-content\/uploads\/2024\/05\/DSCN0012.jpg?resize=1200%2C900&amp;ssl=1 1200w, https:\/\/i0.wp.com\/familymealproject.com\/wp-content\/uploads\/2024\/05\/DSCN0012.jpg?resize=800%2C600&amp;ssl=1 800w, https:\/\/i0.wp.com\/familymealproject.com\/wp-content\/uploads\/2024\/05\/DSCN0012.jpg?resize=600%2C450&amp;ssl=1 600w, https:\/\/i0.wp.com\/familymealproject.com\/wp-content\/uploads\/2024\/05\/DSCN0012.jpg?resize=400%2C300&amp;ssl=1 400w, https:\/\/i0.wp.com\/familymealproject.com\/wp-content\/uploads\/2024\/05\/DSCN0012.jpg?resize=200%2C150&amp;ssl=1 200w, https:\/\/i0.wp.com\/familymealproject.com\/wp-content\/uploads\/2024\/05\/DSCN0012.jpg?resize=80%2C60&amp;ssl=1 80w, https:\/\/i0.wp.com\/familymealproject.com\/wp-content\/uploads\/2024\/05\/DSCN0012.jpg?w=1620&amp;ssl=1 1620w, https:\/\/i0.wp.com\/familymealproject.com\/wp-content\/uploads\/2024\/05\/DSCN0012.jpg?w=2430&amp;ssl=1 2430w\" sizes=\"auto, (max-width: 810px) 100vw, 810px\" \/><\/figure>\n<\/div><\/div>\n<\/div>\n\n\n\n<div class=\"wp-block-column is-layout-flow wp-block-column-is-layout-flow\">\n<div class=\"wp-block-group\" style=\"margin-bottom:10px\"><div class=\"wp-block-group__inner-container is-layout-flow wp-block-group-is-layout-flow\">\n<figure class=\"wp-block-image size-full\"><img data-recalc-dims=\"1\" loading=\"lazy\" decoding=\"async\" width=\"810\" height=\"513\" src=\"https:\/\/i0.wp.com\/familymealproject.com\/wp-content\/uploads\/2019\/03\/Teamnafasi-scaled-1.jpg?resize=810%2C513&#038;ssl=1\" alt=\"\" class=\"wp-image-177\" style=\"aspect-ratio:4\/3;object-fit:cover\" srcset=\"https:\/\/i0.wp.com\/familymealproject.com\/wp-content\/uploads\/2019\/03\/Teamnafasi-scaled-1.jpg?w=2560&amp;ssl=1 2560w, https:\/\/i0.wp.com\/familymealproject.com\/wp-content\/uploads\/2019\/03\/Teamnafasi-scaled-1.jpg?resize=300%2C190&amp;ssl=1 300w, https:\/\/i0.wp.com\/familymealproject.com\/wp-content\/uploads\/2019\/03\/Teamnafasi-scaled-1.jpg?resize=1024%2C649&amp;ssl=1 1024w, https:\/\/i0.wp.com\/familymealproject.com\/wp-content\/uploads\/2019\/03\/Teamnafasi-scaled-1.jpg?resize=768%2C487&amp;ssl=1 768w, https:\/\/i0.wp.com\/familymealproject.com\/wp-content\/uploads\/2019\/03\/Teamnafasi-scaled-1.jpg?resize=1536%2C973&amp;ssl=1 1536w, https:\/\/i0.wp.com\/familymealproject.com\/wp-content\/uploads\/2019\/03\/Teamnafasi-scaled-1.jpg?resize=2048%2C1298&amp;ssl=1 2048w, https:\/\/i0.wp.com\/familymealproject.com\/wp-content\/uploads\/2019\/03\/Teamnafasi-scaled-1.jpg?resize=1200%2C760&amp;ssl=1 1200w, https:\/\/i0.wp.com\/familymealproject.com\/wp-content\/uploads\/2019\/03\/Teamnafasi-scaled-1.jpg?w=1620&amp;ssl=1 1620w, https:\/\/i0.wp.com\/familymealproject.com\/wp-content\/uploads\/2019\/03\/Teamnafasi-scaled-1.jpg?w=2430&amp;ssl=1 2430w\" sizes=\"auto, (max-width: 810px) 100vw, 810px\" \/><\/figure>\n<\/div><\/div>\n<\/div>\n<\/div>\n\n\n\n<div style=\"height:var(--wp--preset--spacing--10)\" aria-hidden=\"true\" class=\"wp-block-spacer\"><\/div>\n\n\n\n<div style=\"height:var(--wp--preset--spacing--20)\" aria-hidden=\"true\" class=\"wp-block-spacer\"><\/div>\n<\/div><\/div>\n\n\n\n<div style=\"height:calc( 0.25 * var(--wp--style--root--padding-right, var(--wp--custom--gap--horizontal)))\" aria-hidden=\"true\" class=\"wp-block-spacer\"><\/div>\n<\/div><\/div>\n","protected":false},"excerpt":{"rendered":"<p>\u00bfQui\u00e9nes somos? The Family Meal Project fue conceptualizado por un equipo interdisciplinario de investigadores de la Universidad Internacional de Florida. Desde sus inicios, el equipo ha trabajado con padres de diferentes grupos de edad para crear, revisar e incorporar sus necesidades dentro del contenido, el dise\u00f1o y la implementaci\u00f3n del sitio web. Adem\u00e1s, Family Meal &hellip; <\/p>\n","protected":false},"author":1,"featured_media":3014,"parent":2995,"menu_order":0,"comment_status":"closed","ping_status":"closed","template":"","meta":{"_crdt_document":"","advanced_seo_description":"","jetpack_seo_html_title":"","jetpack_seo_noindex":false,"footnotes":""},"class_list":["post-3010","page","type-page","status-publish","has-post-thumbnail","hentry","grid-sizer"],"jetpack_likes_enabled":true,"jetpack_sharing_enabled":true,"jetpack_shortlink":"https:\/\/wp.me\/PfG06o-My","jetpack-related-posts":[],"_links":{"self":[{"href":"https:\/\/familymealproject.com\/es\/wp-json\/wp\/v2\/pages\/3010","targetHints":{"allow":["GET"]}}],"collection":[{"href":"https:\/\/familymealproject.com\/es\/wp-json\/wp\/v2\/pages"}],"about":[{"href":"https:\/\/familymealproject.com\/es\/wp-json\/wp\/v2\/types\/page"}],"author":[{"embeddable":true,"href":"https:\/\/familymealproject.com\/es\/wp-json\/wp\/v2\/users\/1"}],"replies":[{"embeddable":true,"href":"https:\/\/familymealproject.com\/es\/wp-json\/wp\/v2\/comments?post=3010"}],"version-history":[{"count":1,"href":"https:\/\/familymealproject.com\/es\/wp-json\/wp\/v2\/pages\/3010\/revisions"}],"predecessor-version":[{"id":3015,"href":"https:\/\/familymealproject.com\/es\/wp-json\/wp\/v2\/pages\/3010\/revisions\/3015"}],"up":[{"embeddable":true,"href":"https:\/\/familymealproject.com\/es\/wp-json\/wp\/v2\/pages\/2995"}],"wp:featuredmedia":[{"embeddable":true,"href":"https:\/\/familymealproject.com\/es\/wp-json\/wp\/v2\/media\/3014"}],"wp:attachment":[{"href":"https:\/\/familymealproject.com\/es\/wp-json\/wp\/v2\/media?parent=3010"}],"curies":[{"name":"wp","href":"https:\/\/api.w.org\/{rel}","templated":true}]}}