{"id":3003,"date":"2018-10-16T18:30:44","date_gmt":"2018-10-16T18:30:44","guid":{"rendered":"https:\/\/familymealproject.com\/acerca-de\/resumen-del-proyecto\/"},"modified":"2026-01-29T20:20:30","modified_gmt":"2026-01-29T20:20:30","slug":"resumen-del-proyecto","status":"publish","type":"page","link":"https:\/\/familymealproject.com\/es\/acerca-de\/resumen-del-proyecto\/","title":{"rendered":"Resumen del proyecto"},"content":{"rendered":"\n<p class=\"has-text-align-center wp-block-paragraph\">The Family Meal Project comenz\u00f3 como un sitio web complementario dise\u00f1ado para ayudar a los padres a mejorar el ecosistema de la nutrici\u00f3n y actuar como agentes de cambio para mejorar los h\u00e1bitos alimenticios de los ni\u00f1os y minimizar el riesgo de obesidad infantil. Desde sus inicios, el equipo de Family Meal Project ha trabajado con padres para convertirse en un lugar donde puedan encontrar la informaci\u00f3n que necesitan para alimentar a su familia con confianza. \u00a1Esperamos que formes parte de la comunidad de Family Meal Project creando una cuenta y visitando la p\u00e1gina a menudo!<\/p>\n\n<p class=\"has-text-align-center wp-block-paragraph\">Financiado en parte a trav\u00e9s de la subvenci\u00f3n del Instituto de Nutrici\u00f3n y Alimentaci\u00f3n de la Agricultura del Departamento de Agricultura de los Estados Unidos (USDA-NIFA) (#2018-69001-27552). Algunos cursos fueron financiados a trav\u00e9s de una subvenci\u00f3n de Pork Checkoff.<\/p>\n","protected":false},"excerpt":{"rendered":"<p>The Family Meal Project comenz\u00f3 como un sitio web complementario dise\u00f1ado para ayudar a los padres a mejorar el ecosistema de la nutrici\u00f3n y actuar como agentes de cambio para mejorar los h\u00e1bitos alimenticios de los ni\u00f1os y minimizar el riesgo de obesidad infantil. Desde sus inicios, el equipo de Family Meal Project ha trabajado &hellip; <\/p>\n","protected":false},"author":1,"featured_media":3004,"parent":2995,"menu_order":0,"comment_status":"closed","ping_status":"closed","template":"","meta":{"_crdt_document":"","advanced_seo_description":"","jetpack_seo_html_title":"","jetpack_seo_noindex":false,"footnotes":""},"class_list":["post-3003","page","type-page","status-publish","has-post-thumbnail","hentry","grid-sizer"],"jetpack_likes_enabled":true,"jetpack_sharing_enabled":true,"jetpack_shortlink":"https:\/\/wp.me\/PfG06o-Mr","jetpack-related-posts":[],"_links":{"self":[{"href":"https:\/\/familymealproject.com\/es\/wp-json\/wp\/v2\/pages\/3003","targetHints":{"allow":["GET"]}}],"collection":[{"href":"https:\/\/familymealproject.com\/es\/wp-json\/wp\/v2\/pages"}],"about":[{"href":"https:\/\/familymealproject.com\/es\/wp-json\/wp\/v2\/types\/page"}],"author":[{"embeddable":true,"href":"https:\/\/familymealproject.com\/es\/wp-json\/wp\/v2\/users\/1"}],"replies":[{"embeddable":true,"href":"https:\/\/familymealproject.com\/es\/wp-json\/wp\/v2\/comments?post=3003"}],"version-history":[{"count":1,"href":"https:\/\/familymealproject.com\/es\/wp-json\/wp\/v2\/pages\/3003\/revisions"}],"predecessor-version":[{"id":3005,"href":"https:\/\/familymealproject.com\/es\/wp-json\/wp\/v2\/pages\/3003\/revisions\/3005"}],"up":[{"embeddable":true,"href":"https:\/\/familymealproject.com\/es\/wp-json\/wp\/v2\/pages\/2995"}],"wp:featuredmedia":[{"embeddable":true,"href":"https:\/\/familymealproject.com\/es\/wp-json\/wp\/v2\/media\/3004"}],"wp:attachment":[{"href":"https:\/\/familymealproject.com\/es\/wp-json\/wp\/v2\/media?parent=3003"}],"curies":[{"name":"wp","href":"https:\/\/api.w.org\/{rel}","templated":true}]}}